{"id":6812,"date":"2023-06-07T15:39:21","date_gmt":"2023-06-07T12:39:21","guid":{"rendered":"https:\/\/beta.cla.com.tr\/?page_id=6812"},"modified":"2024-05-13T16:50:04","modified_gmt":"2024-05-13T13:50:04","slug":"vergi-hukuku-hakkinda-2","status":"publish","type":"page","link":"http:\/\/cla.com.tr\/index.php\/vergi-hukuku-hakkinda-2\/","title":{"rendered":"VERG\u0130 HUKUKU HAKKINDA"},"content":{"rendered":"<p>[vc_row][vc_column][vc_custom_heading text=&#8221;VERG\u0130 HUKUKU HAKKINDA&#8221; google_fonts=&#8221;font_family:Vollkorn%3Aregular%2Citalic%2C700%2C700italic|font_style:700%20bold%20regular%3A700%3Anormal&#8221; css_animation=&#8221;fadeInLeft&#8221;][\/vc_column][\/vc_row][vc_row][vc_column width=&#8221;1\/2&#8243;][vc_single_image image=&#8221;6864&#8243; img_size=&#8221;large&#8221; el_class=&#8221;weew&#8221;][\/vc_column][vc_column width=&#8221;1\/2&#8243;][vc_column_text]<\/p>\n<p style=\"text-align: justify;\">Vergi, toplumun ihtiyac\u0131 olan kamu hizmetlerinin \u00fcretilip sunulmas\u0131 i\u00e7in gereken kaynaklar\u0131n sa\u011flanmas\u0131 amac\u0131yla topluma y\u00fcklenen mali bir y\u00fck\u00fcml\u00fcl\u00fckt\u00fcr. Vergi hukuku, hukuk sistemimizde en ayr\u0131nt\u0131l\u0131 d\u00fczenlemelerin bulundu\u011fu hukuk dal\u0131d\u0131r.<\/p>\n<p style=\"text-align: justify;\">G\u00fcnl\u00fck hayat\u0131m\u0131zda ya da i\u015f hayat\u0131m\u0131zda s\u00fcrekli olarak vergi ile kar\u015f\u0131 kar\u015f\u0131ya gelmekte, vergi uyu\u015fmazl\u0131klar\u0131n\u0131n taraf\u0131 ve muhatab\u0131 olabilmekteyiz. Vergi alan\u0131nda kar\u015f\u0131la\u015f\u0131lan hukuka ayk\u0131r\u0131l\u0131klara kar\u015f\u0131 gidilecek yasal yollar\u0131n bilinmesi, hak ve y\u00fck\u00fcml\u00fcl\u00fckler i\u00e7in bu alanda gerekli e\u011fitim d\u00fczeyine sahip olunmas\u0131 gerekmektedir.<\/p>\n<p style=\"text-align: justify;\">CLA Academy olarak vergi hukuku e\u011fitimi ile kat\u0131l\u0131mc\u0131lara;\u00a0vergi hukukukapsam\u0131nda s\u0131k\u00e7a kar\u015f\u0131la\u015f\u0131lan sorunlar ve bu sorunlar\u0131n \u00e7\u00f6z\u00fcm yollar\u0131na ili\u015fkin izlenecek yollar hakk\u0131nda detayl\u0131 bilgi verilmeyi ama\u00e7l\u0131yoruz.<\/p>\n<p style=\"text-align: justify;\">Bu e\u011fitimin al\u0131nmas\u0131 ile vergi hukukunun kaynaklar\u0131, yorumlanmas\u0131, idarenin vergilendirme yetkisinin kullan\u0131m\u0131n\u0131 ve s\u0131n\u0131rlar\u0131n\u0131, vergilendirme s\u00fcrecini, vergi uyu\u015fmazl\u0131klar\u0131nda idari ve yarg\u0131sal \u00e7\u00f6z\u00fcm yollar\u0131n\u0131, vergi su\u00e7 ve kabahatleri konu ba\u015fl\u0131klar\u0131nda yeterli bilgi birikimine sahip olunacakt\u0131r.<\/p>\n<p>[\/vc_column_text][\/vc_column][\/vc_row]<\/p>\n","protected":false},"excerpt":{"rendered":"<p>[vc_row][vc_column][vc_custom_heading text=&#8221;VERG\u0130 HUKUKU HAKKINDA&#8221; google_fonts=&#8221;font_family:Vollkorn%3Aregular%2Citalic%2C700%2C700italic|font_style:700%20bold%20regular%3A700%3Anormal&#8221; css_animation=&#8221;fadeInLeft&#8221;][\/vc_column][\/vc_row][vc_row][vc_column width=&#8221;1\/2&#8243;][vc_single_image image=&#8221;6864&#8243; img_size=&#8221;large&#8221; el_class=&#8221;weew&#8221;][\/vc_column][vc_column width=&#8221;1\/2&#8243;][vc_column_text] Vergi, toplumun ihtiyac\u0131 olan kamu hizmetlerinin \u00fcretilip sunulmas\u0131 i\u00e7in gereken kaynaklar\u0131n sa\u011flanmas\u0131 amac\u0131yla topluma y\u00fcklenen mali bir y\u00fck\u00fcml\u00fcl\u00fckt\u00fcr. Vergi hukuku, hukuk sistemimizde en ayr\u0131nt\u0131l\u0131 d\u00fczenlemelerin bulundu\u011fu hukuk dal\u0131d\u0131r. G\u00fcnl\u00fck hayat\u0131m\u0131zda ya da i\u015f hayat\u0131m\u0131zda s\u00fcrekli olarak vergi ile kar\u015f\u0131 kar\u015f\u0131ya gelmekte, vergi uyu\u015fmazl\u0131klar\u0131n\u0131n taraf\u0131 [&hellip;]<\/p>\n","protected":false},"author":1,"featured_media":0,"parent":0,"menu_order":0,"comment_status":"closed","ping_status":"closed","template":"","meta":{"footnotes":""},"class_list":["post-6812","page","type-page","status-publish","hentry"],"_links":{"self":[{"href":"http:\/\/cla.com.tr\/index.php\/wp-json\/wp\/v2\/pages\/6812","targetHints":{"allow":["GET"]}}],"collection":[{"href":"http:\/\/cla.com.tr\/index.php\/wp-json\/wp\/v2\/pages"}],"about":[{"href":"http:\/\/cla.com.tr\/index.php\/wp-json\/wp\/v2\/types\/page"}],"author":[{"embeddable":true,"href":"http:\/\/cla.com.tr\/index.php\/wp-json\/wp\/v2\/users\/1"}],"replies":[{"embeddable":true,"href":"http:\/\/cla.com.tr\/index.php\/wp-json\/wp\/v2\/comments?post=6812"}],"version-history":[{"count":9,"href":"http:\/\/cla.com.tr\/index.php\/wp-json\/wp\/v2\/pages\/6812\/revisions"}],"predecessor-version":[{"id":8019,"href":"http:\/\/cla.com.tr\/index.php\/wp-json\/wp\/v2\/pages\/6812\/revisions\/8019"}],"wp:attachment":[{"href":"http:\/\/cla.com.tr\/index.php\/wp-json\/wp\/v2\/media?parent=6812"}],"curies":[{"name":"wp","href":"https:\/\/api.w.org\/{rel}","templated":true}]}}