{"id":6957,"date":"2023-08-07T10:17:09","date_gmt":"2023-08-07T07:17:09","guid":{"rendered":"https:\/\/beta.cla.com.tr\/?page_id=6957"},"modified":"2023-12-05T10:41:16","modified_gmt":"2023-12-05T07:41:16","slug":"enerji-hukuku-egitim-programi-2","status":"publish","type":"page","link":"http:\/\/cla.com.tr\/index.php\/enerji-hukuku-egitim-programi-2\/","title":{"rendered":"Enerji Hukuku E\u011fitim Program\u0131"},"content":{"rendered":"<p>[vc_row][vc_column][vc_custom_heading text=&#8221;Enerji Hukuku E\u011fitim Program\u0131&#8221; google_fonts=&#8221;font_family:Exo%3A100%2C100italic%2C200%2C200italic%2C300%2C300italic%2Cregular%2Citalic%2C500%2C500italic%2C600%2C600italic%2C700%2C700italic%2C800%2C800italic%2C900%2C900italic|font_style:700%20bold%20regular%3A700%3Anormal&#8221; css_animation=&#8221;fadeInLeft&#8221;][\/vc_column][\/vc_row][vc_row][vc_column width=&#8221;1\/2&#8243;][vc_single_image image=&#8221;6611&#8243; img_size=&#8221;large&#8221; el_class=&#8221;weew&#8221;][\/vc_column][vc_column width=&#8221;1\/2&#8243;][vc_column_text]<\/p>\n<p style=\"text-align: justify; font-family: Exo;\">Bilindi\u011fi \u00fczere enerji, teknolojinin hayat\u0131m\u0131za daha \u00e7ok dahil olmas\u0131yla \u00f6nemini g\u00fcn ge\u00e7tik\u00e7e art\u0131ran bir konu oldu\u011fu gibi \u00fclkelerin de en stratejik konular\u0131ndan birisidir.<br \/>\nBu geli\u015fimle beraber enerji arz ve talebi her g\u00fcn artmakta ve bu alanda mevzuatsal \u00e7al\u0131\u015fmalar h\u0131z kazanmaktad\u0131r. Dolay\u0131s\u0131yla enerji hukuku g\u00fcn ge\u00e7tik\u00e7e \u00f6nem kazanmaktad\u0131r.<br \/>\nEnerji Hukuku E\u011fitim Program\u0131, \u00a0lisans e\u011fitimini hukuk alan\u0131nda tamamlam\u0131\u015f hukuk\u00e7ular veya enerji \u015firketlerinde \u00e7al\u0131\u015fan\/\u00e7al\u0131\u015fmak isteyen ki\u015filer i\u00e7in tasarlanm\u0131\u015f bir programd\u0131r.<br \/>\nEnerji hukukunu genel olarak tan\u0131mlay\u0131p, enerji piyasas\u0131n\u0131n i\u015fleyi\u015fini anlayabilmek i\u00e7in ve bu alanda bir alt yap\u0131ya sahip olmak isteyen herkes i\u00e7in uygun bir e\u011fitimdir.<br \/>\nCLA ACADEMY, alan\u0131nda uzman e\u011fitmenler ile sizi hedefledi\u011finiz alanda daha ileriye g\u00f6t\u00fcrecektir.<\/p>\n<p>[\/vc_column_text][\/vc_column][\/vc_row]<\/p>\n","protected":false},"excerpt":{"rendered":"<p>[vc_row][vc_column][vc_custom_heading text=&#8221;Enerji Hukuku E\u011fitim Program\u0131&#8221; google_fonts=&#8221;font_family:Exo%3A100%2C100italic%2C200%2C200italic%2C300%2C300italic%2Cregular%2Citalic%2C500%2C500italic%2C600%2C600italic%2C700%2C700italic%2C800%2C800italic%2C900%2C900italic|font_style:700%20bold%20regular%3A700%3Anormal&#8221; css_animation=&#8221;fadeInLeft&#8221;][\/vc_column][\/vc_row][vc_row][vc_column width=&#8221;1\/2&#8243;][vc_single_image image=&#8221;6611&#8243; img_size=&#8221;large&#8221; el_class=&#8221;weew&#8221;][\/vc_column][vc_column width=&#8221;1\/2&#8243;][vc_column_text] Bilindi\u011fi \u00fczere enerji, teknolojinin hayat\u0131m\u0131za daha \u00e7ok dahil olmas\u0131yla \u00f6nemini g\u00fcn ge\u00e7tik\u00e7e art\u0131ran bir konu oldu\u011fu gibi \u00fclkelerin de en stratejik konular\u0131ndan birisidir. Bu geli\u015fimle beraber enerji arz ve talebi her g\u00fcn artmakta ve bu alanda mevzuatsal \u00e7al\u0131\u015fmalar h\u0131z kazanmaktad\u0131r. Dolay\u0131s\u0131yla enerji hukuku [&hellip;]<\/p>\n","protected":false},"author":1,"featured_media":0,"parent":0,"menu_order":0,"comment_status":"closed","ping_status":"closed","template":"","meta":{"footnotes":""},"class_list":["post-6957","page","type-page","status-publish","hentry"],"_links":{"self":[{"href":"http:\/\/cla.com.tr\/index.php\/wp-json\/wp\/v2\/pages\/6957","targetHints":{"allow":["GET"]}}],"collection":[{"href":"http:\/\/cla.com.tr\/index.php\/wp-json\/wp\/v2\/pages"}],"about":[{"href":"http:\/\/cla.com.tr\/index.php\/wp-json\/wp\/v2\/types\/page"}],"author":[{"embeddable":true,"href":"http:\/\/cla.com.tr\/index.php\/wp-json\/wp\/v2\/users\/1"}],"replies":[{"embeddable":true,"href":"http:\/\/cla.com.tr\/index.php\/wp-json\/wp\/v2\/comments?post=6957"}],"version-history":[{"count":4,"href":"http:\/\/cla.com.tr\/index.php\/wp-json\/wp\/v2\/pages\/6957\/revisions"}],"predecessor-version":[{"id":7178,"href":"http:\/\/cla.com.tr\/index.php\/wp-json\/wp\/v2\/pages\/6957\/revisions\/7178"}],"wp:attachment":[{"href":"http:\/\/cla.com.tr\/index.php\/wp-json\/wp\/v2\/media?parent=6957"}],"curies":[{"name":"wp","href":"https:\/\/api.w.org\/{rel}","templated":true}]}}