{"id":5593,"date":"2023-04-05T11:16:11","date_gmt":"2023-04-05T08:16:11","guid":{"rendered":"https:\/\/beta.cla.com.tr\/?page_id=5593"},"modified":"2023-12-07T12:14:23","modified_gmt":"2023-12-07T09:14:23","slug":"on-kayit-formu","status":"publish","type":"page","link":"https:\/\/cla.com.tr\/index.php\/on-kayit-formu\/","title":{"rendered":"\u00d6N KAYIT FORMU"},"content":{"rendered":"<p>[vc_row][vc_column]\n<div class=\"wpcf7 no-js\" id=\"wpcf7-f5754-o1\" lang=\"tr-TR\" dir=\"ltr\">\n<div class=\"screen-reader-response\"><p role=\"status\" aria-live=\"polite\" aria-atomic=\"true\"><\/p> <ul><\/ul><\/div>\n<form action=\"\/index.php\/wp-json\/wp\/v2\/pages\/5593#wpcf7-f5754-o1\" method=\"post\" class=\"wpcf7-form init\" aria-label=\"Contact form\" novalidate=\"novalidate\" data-status=\"init\">\n<div style=\"display: none;\">\n<input type=\"hidden\" name=\"_wpcf7\" value=\"5754\" \/>\n<input type=\"hidden\" name=\"_wpcf7_version\" value=\"5.7.5.1\" \/>\n<input type=\"hidden\" name=\"_wpcf7_locale\" value=\"tr_TR\" \/>\n<input type=\"hidden\" name=\"_wpcf7_unit_tag\" value=\"wpcf7-f5754-o1\" \/>\n<input type=\"hidden\" name=\"_wpcf7_container_post\" value=\"0\" \/>\n<input type=\"hidden\" name=\"_wpcf7_posted_data_hash\" value=\"\" \/>\n<\/div>\n<div class=\"row\">\n\t<div class=\"col-xs-12 col-sm-6 col-md-6 col-lg-6\">\n\t\t<lable>\n\t\t\t<p><b> Ad Soyad <\/b>\n\t\t\t<\/p>\n\t\t<\/lable>\n\t\t<div class=\"form-group\">\n\t\t\t<p><span class=\"wpcf7-form-control-wrap\" data-name=\"name\"><input size=\"40\" class=\"wpcf7-form-control wpcf7-text wpcf7-validates-as-required form-control\" aria-required=\"true\" aria-invalid=\"false\" placeholder=\"Ad Ve Soyad...\" value=\"\" type=\"text\" name=\"name\" \/><\/span>\n\t\t\t<\/p>\n\t\t<\/div>\n\t<\/div>\n\t<div class=\"col-xs-12 col-sm-6 col-md-6 col-lg-6\">\n\t\t<lable>\n\t\t\t<p><b> E-posta <\/b>\n\t\t\t<\/p>\n\t\t<\/lable>\n\t\t<div class=\"form-group\">\n\t\t\t<p><span class=\"wpcf7-form-control-wrap\" data-name=\"email\"><input size=\"40\" class=\"wpcf7-form-control wpcf7-text wpcf7-email wpcf7-validates-as-required wpcf7-validates-as-email form-control\" aria-required=\"true\" aria-invalid=\"false\" placeholder=\"E-posta...\" value=\"\" type=\"email\" name=\"email\" \/><\/span>\n\t\t\t<\/p>\n\t\t<\/div>\n\t<\/div>\n<\/div>\n<style>\n .select2-search__field {\n display: none !important;\n }\n<\/style>\n<div class=\"row\">\n\t<div class=\"col-xs-12 col-sm-6 col-md-6 col-lg-6\">\n\t\t<lable>\n\t\t\t<p><b> Telefon <\/b>\n\t\t\t<\/p>\n\t\t<\/lable>\n\t\t<div class=\"form-group\">\n\t\t\t<p><span class=\"wpcf7-form-control-wrap\" data-name=\"telephone\"><input size=\"40\" class=\"wpcf7-form-control wpcf7-text wpcf7-validates-as-required form-control\" aria-required=\"true\" aria-invalid=\"false\" placeholder=\"Telefon...\" value=\"\" type=\"text\" name=\"telephone\" \/><\/span>\n\t\t\t<\/p>\n\t\t<\/div>\n\t<\/div>\n\t<div class=\"col-xs-12 col-sm-6 col-md-6 col-lg-6\">\n\t\t<lable>\n\t\t\t<p><b> Kurum \/ Firma <\/b>\n\t\t\t<\/p>\n\t\t<\/lable>\n\t\t<div class=\"form-group\">\n\t\t\t<p><span class=\"wpcf7-form-control-wrap\" data-name=\"company_name\"><input size=\"40\" class=\"wpcf7-form-control wpcf7-text wpcf7-validates-as-required form-control\" aria-required=\"true\" aria-invalid=\"false\" placeholder=\"Kurum...\" value=\"\" type=\"text\" name=\"company_name\" \/><\/span>\n\t\t\t<\/p>\n\t\t<\/div>\n\t<\/div>\n<\/div>\n<div class=\"row\">\n\t<div class=\"col-xs-12 col-sm-6 col-md-6 col-lg-6\">\n\t\t<lable>\n\t\t\t<p><b> Pozisyon \/ \u00dcnvan <\/b>\n\t\t\t<\/p>\n\t\t<\/lable>\n\t\t<div class=\"form-group\">\n\t\t\t<p><span class=\"wpcf7-form-control-wrap\" data-name=\"title\"><input size=\"40\" class=\"wpcf7-form-control wpcf7-text wpcf7-validates-as-required form-control\" aria-required=\"true\" aria-invalid=\"false\" placeholder=\"Pozisyon ...\" value=\"\" type=\"text\" name=\"title\" \/><\/span>\n\t\t\t<\/p>\n\t\t<\/div>\n\t<\/div>\n\t<div class=\"col-xs-12 col-sm-6 col-md-6 col-lg-6\">\n\t\t<lable>\n\t\t\t<p><b> Hangi E\u011fitime Kat\u0131lmak \u0130stersiniz ? <\/b>\n\t\t\t<\/p>\n\t\t<\/lable>\n\t\t<div class=\"form-group\">\n\t\t\t<p><select multiple name=\"course[]\" class=\"wpcf7-form-control wpcf7-text wpcf7-email wpcf7-validates-as-required wpcf7-validates-as-email form-control\">\n<option disable selected>se\u00e7in<\/option>\n<option value=\"Ekonomi Hukuku E\u011fitim Program\u0131\">Ekonomi Hukuku E\u011fitim Program\u0131<\/option>\n\n<option  value=\"Vergi Hukuku E\u011fitim Program\u0131\">Vergi Hukuku E\u011fitim Program\u0131<\/option>\n\n<option value=\"Rekabet Hukuku E\u011fitim Program\u0131\">Rekabet Hukuku E\u011fitim Program\u0131<\/option>\n\n<option value=\"Kamu \u0130hale Hukuku E\u011fitim Program\u0131\">Kamu \u0130hale Hukuku E\u011fitim Program\u0131<\/option>\n\n<option value=\"Enerji Hukuku E\u011fitim Program\u0131\">Enerji Hukuku E\u011fitim Program\u0131<\/option>\n\n<option value=\"Elektrik Piyasas\u0131 E\u011fitim Program\u0131\">Elektrik Piyasas\u0131 E\u011fitim Program\u0131<\/option>\n\n<option value=\"Petrol Piyasas\u0131 E\u011fitim Program\u0131\">Petrol Piyasas\u0131 E\u011fitim Program\u0131<\/option>\n\n<option value=\"G\u00fcne\u015f Enerjisi Piyasas\u0131 E\u011fitim Program\u0131\">G\u00fcne\u015f Enerjisi Piyasas\u0131 E\u011fitim Program\u0131<\/option>\n\n<option value=\"Karbon Ayak \u0130zi E\u011fitim Program\u0131\">Karbon Ayak \u0130zi E\u011fitim Program\u0131<\/option>\n\n<option value=\"Elektrik Depolama E\u011fitim Program\u0131\">Elektrik Depolama E\u011fitim Program\u0131<\/option>\n\n<option value=\"G\u00fcne\u015f Enerjisi Teknik E\u011fitim Program\u0131\">G\u00fcne\u015f Enerjisi Teknik E\u011fitim Program\u0131<\/option>\n\n<option value=\"R\u00fczgar Enerjisi Temel E\u011fitim Program\u0131\">R\u00fczgar Enerjisi Temel E\u011fitim Program\u0131<\/option>\n<option value=\"PVSYST-SKETCH UP E\u011e\u0130T\u0130M\u0130\">PVSYST-SKETCH UP E\u011e\u0130T\u0130M\u0130<\/option>\n\n<option value=\"Enerji Sekt\u00f6r\u00fcnde Yapay Zeka\">Enerji Sekt\u00f6r\u00fcnde Yapay Zeka<\/option>\n<option value=\"Enerji Ticareti E\u011fitim Program\u0131\">Enerji Ticareti E\u011fitim Program\u0131<\/option>\n <option value=\"WindPRO E\u011e\u0130T\u0130M PROGRAMI\">WindPRO E\u011e\u0130T\u0130M PROGRAMI<\/option>\n <option value=\"YEN\u0130LENEB\u0130L\u0130R ENERJ\u0130 SANTRALLER\u0130 F\u0130Z\u0130B\u0130LTE E\u011e\u0130T\u0130M\u0130\">YEN\u0130LENEB\u0130L\u0130R ENERJ\u0130 SANTRALLER\u0130 F\u0130Z\u0130B\u0130LTE E\u011e\u0130T\u0130M\u0130<\/option>\n<option value=\"SU AYAK \u0130Z\u0130 HESAPLAMA, RAPORLAMA VE SU P\u0130YASALARI E\u011e\u0130T\u0130M\u0130\">SU AYAK \u0130Z\u0130 HESAPLAMA, RAPORLAMA VE SU P\u0130YASALARI E\u011e\u0130T\u0130M\u0130<\/option>\n<option value=\"VER\u0130 MERKEZLER\u0130 TS EN ISO 50600 SERT\u0130F\u0130KASYON S\u00dcREC\u0130 B\u0130LG\u0130LEND\u0130RME E\u011e\u0130T\u0130M\u0130\">VER\u0130 MERKEZLER\u0130 TS EN ISO 50600 SERT\u0130F\u0130KASYON S\u00dcREC\u0130 B\u0130LG\u0130LEND\u0130RME E\u011e\u0130T\u0130M\u0130<\/option>\n<option value=\"EXPROOF EKIPMANA M\u00dcDAHALE VE BAKIM E\u011eITIMI\">EXPROOF EKIPMANA M\u00dcDAHALE VE BAKIM E\u011eITIMI<\/option>\n<option value=\"HIDROJEN TEKNOLOJILERINE GIRI\u015e E\u011eITIMI\">HIDROJEN TEKNOLOJILERINE GIRI\u015e E\u011eITIMI<\/option>\n<option value=\"AUTOCAD GES PROJE \u00c7IZIMI E\u011eITIMI\">AUTOCAD GES PROJE \u00c7IZIMI E\u011eITIMI<\/option>\n<option value=\"ESG OKUR YAZARLI\u011eI E\u011e\u0130T\u0130M\u0130\">ESG OKUR YAZARLI\u011eI E\u011e\u0130T\u0130M\u0130<\/option>\n<option value=\"ENERJ\u0130 TE\u015eV\u0130K VE YATIRIMLARI E\u011e\u0130T\u0130M\u0130\">ENERJ\u0130 TE\u015eV\u0130K VE YATIRIMLARI E\u011e\u0130T\u0130M\u0130<\/option>\n<option value=\"S\u00dcRD\u00dcR\u00dcLEB\u0130L\u0130RL\u0130K UZMANLI\u011eI E\u011e\u0130T\u0130M\u0130\">S\u00dcRD\u00dcR\u00dcLEB\u0130L\u0130RL\u0130K UZMANLI\u011eI E\u011e\u0130T\u0130M\u0130<\/option>\n<option value=\"YE\u015e\u0130L B\u0130NA SERT\u0130F\u0130KASI TEMEL E\u011e\u0130T\u0130M\u0130\">YE\u015e\u0130L B\u0130NA SERT\u0130F\u0130KASI TEMEL E\u011e\u0130T\u0130M\u0130<\/option>\n\n\n<\/select>\n\t\t\t<\/p>\n\t\t<\/div>\n\t<\/div>\n<\/div>\n<div class=\"row\">\n\t<div class=\"col-xs-12 col-sm-12 col-md-12 col-lg-12\">\n\t\t<lable>\n\t\t\t<p><b> Mesaj <\/b>\n\t\t\t<\/p>\n\t\t<\/lable>\n\t\t<div class=\"form-group\">\n\t\t\t<p><span class=\"wpcf7-form-control-wrap\" data-name=\"message\"><textarea cols=\"40\" rows=\"9\" class=\"wpcf7-form-control wpcf7-textarea wpcf7-validates-as-required form-control\" aria-required=\"true\" aria-invalid=\"false\" placeholder=\"Mesaj...\" name=\"message\"><\/textarea><\/span>\n\t\t\t<\/p>\n\t\t<\/div>\n\t<\/div>\n<\/div>\n<p><input type=\"checkbox\" \/><a href=\"ends_with\" class=\"popmake-7353\"> Kvkk okudum ve kabul ediyorum.<\/a>\n<\/p>\n<div class=\"row\">\n\t<div class=\"col-xs-12 col-sm-12 col-md-12 col-lg-12\" style=\"text-align:center;\">\n\t\t<p><input class=\"wpcf7-form-control has-spinner wpcf7-submit btn btn-default\" type=\"submit\" value=\"G\u00d6NDER\" \/>\n\t\t<\/p>\n\t<\/div>\n<\/div>\n<style>\n.form-control, .select2-search input.select2-input, input[type=email], input[type=number], input[type=password], input[type=tel], input[type=text], textarea {\n display: block;\n padding: 12px;\n height: 45px;\n line-height: 1.42857143;\n border-radius: 10 !importan;\n border: 2px solid #d3d6db !important;\n background: #f7f7f7;\n box-shadow: none;\n color: #555;\n border-radius: 10px;\n}\n.compose-mode .vc_element .vc_element-container, .view-mode .vc_element .vc_element-container {\n min-height: 40px;\n background-color: #dce0ef14;\n border: 2px solid #10358924;\n padding: 29px;\n border-radius: 20px;\n}\nlable {\ncolor:#002e5b;}\n\n.select2-container--default .select2-selection--multiple .select2-selection__choice {\n font-style: revert !important;\n font-weight: 600 !important;\n \n}\n.select2-container--default .select2-selection--multiple {\n background-color: #f3f3f3;\n border: 1px solid #aaaaaa94;\n border-radius: 11px;\n\n cursor: text;\n}\n.select2-container--default .select2-search--inline {\n \n}\n.select2-container--default .select2-selection--multiple .select2-selection__choice {\n background-color: #edf4ff;\n border: 1px solid #000e28;\n border-radius: 4px;\n cursor: default;\n float: left;\n margin-right: 5px;\n margin-top: 5px;\n padding: 0 5px;\n}\n.select2-container--default .select2-selection--multiple .select2-selection__choice__remove {\n color: #040a4e;\n background-color: #dab2b200;\n margin: 5px;\n cursor: pointer;\n border: 1px solid #580404c4;\n display: inline-block;\n font-weight: 700;\n border-radius: 7px;\n margin-right: 15px;\n}\n<\/style><input type='hidden' class='wpcf7-pum' value='{\"closepopup\":false,\"closedelay\":0,\"openpopup\":false,\"openpopup_id\":0}' \/><div class=\"wpcf7-response-output\" aria-hidden=\"true\"><\/div>\n<\/form>\n<\/div>\n[\/vc_column][\/vc_row][vc_row][vc_column][vc_raw_html]JTNDc2NyaXB0JTNFJTBBZG9jdW1lbnQuYWRkRXZlbnRMaXN0ZW5lciUyOCUyMkRPTUNvbnRlbnRMb2FkZWQlMjIlMkMlMjBmdW5jdGlvbiUyOCUyOSUyMCU3QiUwQSUyMCUyMHZhciUyMGt2a2tDaGVja2JveCUyMCUzRCUyMGRvY3VtZW50LmdldEVsZW1lbnRCeUlkJTI4JTI3a3Zra0NoZWNrYm94JTI3JTI5JTNCJTBBJTIwJTIwdmFyJTIwbW9kYWwlMjAlM0QlMjBkb2N1bWVudC5jcmVhdGVFbGVtZW50JTI4JTI3ZGl2JTI3JTI5JTNCJTBBJTIwJTIwbW9kYWwuaW5uZXJIVE1MJTIwJTNEJTIwJTI3JTNDZGl2JTIwaWQlM0QlMjJteU1vZGFsJTIyJTIwY2xhc3MlM0QlMjJtb2RhbCUyMiUzRSUyNyUyMCUyQiUwQSUyMCUyMCUyMCUyMCUyMCUyMCUyMCUyMCUyMCUyMCUyMCUyMCUyMCUyMCUyMCUyMCUyMCUyMCUyMCUyMCUyNyUzQ2RpdiUyMGNsYXNzJTNEJTIybW9kYWwtY29udGVudCUyMiUzRSUyNyUyMCUyQiUwQSUyMCUyMCUyMCUyMCUyMCUyMCUyMCUyMCUyMCUyMCUyMCUyMCUyMCUyMCUyMCUyMCUyMCUyMCUyMCUyMCUyNyUzQ3NwYW4lMjBjbGFzcyUzRCUyMmNsb3NlJTIyJTNFJTI2dGltZXMlM0IlM0MlMkZzcGFuJTNFJTI3JTIwJTJCJTBBJTIwJTIwJTIwJTIwJTIwJTIwJTIwJTIwJTIwJTIwJTIwJTIwJTIwJTIwJTIwJTIwJTIwJTIwJTIwJTIwJTI3JTNDcCUzRUhlbGxvJTNDJTJGcCUzRSUyNyUyMCUyQiUwQSUyMCUyMCUyMCUyMCUyMCUyMCUyMCUyMCUyMCUyMCUyMCUyMCUyMCUyMCUyMCUyMCUyMCUyMCUyMCUyMCUyNyUzQyUyRmRpdiUzRSUzQyUyRmRpdiUzRSUyNyUzQiUwQSUyMCUyMGRvY3VtZW50LmJvZHkuYXBwZW5kQ2hpbGQlMjhtb2RhbCUyOSUzQiUwQSUwQSUyMCUyMHZhciUyMG1vZGFsQm94JTIwJTNEJTIwZG9jdW1lbnQuZ2V0RWxlbWVudEJ5SWQlMjglMjdteU1vZGFsJTI3JTI5JTNCJTBBJTIwJTIwdmFyJTIwY2xvc2VCdG4lMjAlM0QlMjBtb2RhbEJveC5xdWVyeVNlbGVjdG9yJTI4JTI3LmNsb3NlJTI3JTI5JTNCJTBBJTBBJTIwJTIwa3Zra0NoZWNrYm94LmFkZEV2ZW50TGlzdGVuZXIlMjglMjdjaGFuZ2UlMjclMkMlMjBmdW5jdGlvbiUyOCUyOSUyMCU3QiUwQSUyMCUyMCUyMCUyMGlmJTIwJTI4a3Zra0NoZWNrYm94LmNoZWNrZWQlMjklMjAlN0IlMEElMjAlMjAlMjAlMjAlMjAlMjBtb2RhbEJveC5zdHlsZS5kaXNwbGF5JTIwJTNEJTIwJTI3YmxvY2slMjclM0IlMEElMjAlMjAlMjAlMjAlN0QlMjBlbHNlJTIwJTdCJTBBJTIwJTIwJTIwJTIwJTIwJTIwbW9kYWxCb3guc3R5bGUuZGlzcGxheSUyMCUzRCUyMCUyN25vbmUlMjclM0IlMEElMjAlMjAlMjAlMjAlN0QlMEElMjAlMjAlN0QlMjklM0IlMEElMEElMjAlMjBjbG9zZUJ0bi5hZGRFdmVudExpc3RlbmVyJTI4JTI3Y2xpY2slMjclMkMlMjBmdW5jdGlvbiUyOCUyOSUyMCU3QiUwQSUyMCUyMCUyMCUyMG1vZGFsQm94LnN0eWxlLmRpc3BsYXklMjAlM0QlMjAlMjdub25lJTI3JTNCJTBBJTIwJTIwJTIwJTIwa3Zra0NoZWNrYm94LmNoZWNrZWQlMjAlM0QlMjBmYWxzZSUzQiUyMCUyRiUyRiUyMHVuY2hlY2slMjB0aGUlMjBjaGVja2JveCUyMHdoZW4lMjBjbG9zaW5nJTIwdGhlJTIwbW9kYWwlMEElMjAlMjAlN0QlMjklM0IlMEElMEElMjAlMjB3aW5kb3cuYWRkRXZlbnRMaXN0ZW5lciUyOCUyN2NsaWNrJTI3JTJDJTIwZnVuY3Rpb24lMjhldmVudCUyOSUyMCU3QiUwQSUyMCUyMCUyMCUyMGlmJTIwJTI4ZXZlbnQudGFyZ2V0JTIwJTNEJTNEJTIwbW9kYWxCb3glMjklMjAlN0IlMEElMjAlMjAlMjAlMjAlMjAlMjBtb2RhbEJveC5zdHlsZS5kaXNwbGF5JTIwJTNEJTIwJTI3bm9uZSUyNyUzQiUwQSUyMCUyMCUyMCUyMCUyMCUyMGt2a2tDaGVja2JveC5jaGVja2VkJTIwJTNEJTIwZmFsc2UlM0IlMjAlMkYlMkYlMjB1bmNoZWNrJTIwdGhlJTIwY2hlY2tib3glMjB3aGVuJTIwY2xpY2tpbmclMjBvdXRzaWRlJTIwdGhlJTIwbW9kYWwlMEElMjAlMjAlMjAlMjAlN0QlMEElMjAlMjAlN0QlMjklM0IlMEElN0QlMjklM0IlMEElM0MlMkZzY3JpcHQlM0UlMEE=[\/vc_raw_html][\/vc_column][\/vc_row]<\/p>\n","protected":false},"excerpt":{"rendered":"<p>[vc_row][vc_column][\/vc_column][\/vc_row][vc_row][vc_column][vc_raw_html]JTNDc2NyaXB0JTNFJTBBZG9jdW1lbnQuYWRkRXZlbnRMaXN0ZW5lciUyOCUyMkRPTUNvbnRlbnRMb2FkZWQlMjIlMkMlMjBmdW5jdGlvbiUyOCUyOSUyMCU3QiUwQSUyMCUyMHZhciUyMGt2a2tDaGVja2JveCUyMCUzRCUyMGRvY3VtZW50LmdldEVsZW1lbnRCeUlkJTI4JTI3a3Zra0NoZWNrYm94JTI3JTI5JTNCJTBBJTIwJTIwdmFyJTIwbW9kYWwlMjAlM0QlMjBkb2N1bWVudC5jcmVhdGVFbGVtZW50JTI4JTI3ZGl2JTI3JTI5JTNCJTBBJTIwJTIwbW9kYWwuaW5uZXJIVE1MJTIwJTNEJTIwJTI3JTNDZGl2JTIwaWQlM0QlMjJteU1vZGFsJTIyJTIwY2xhc3MlM0QlMjJtb2RhbCUyMiUzRSUyNyUyMCUyQiUwQSUyMCUyMCUyMCUyMCUyMCUyMCUyMCUyMCUyMCUyMCUyMCUyMCUyMCUyMCUyMCUyMCUyMCUyMCUyMCUyMCUyNyUzQ2RpdiUyMGNsYXNzJTNEJTIybW9kYWwtY29udGVudCUyMiUzRSUyNyUyMCUyQiUwQSUyMCUyMCUyMCUyMCUyMCUyMCUyMCUyMCUyMCUyMCUyMCUyMCUyMCUyMCUyMCUyMCUyMCUyMCUyMCUyMCUyNyUzQ3NwYW4lMjBjbGFzcyUzRCUyMmNsb3NlJTIyJTNFJTI2dGltZXMlM0IlM0MlMkZzcGFuJTNFJTI3JTIwJTJCJTBBJTIwJTIwJTIwJTIwJTIwJTIwJTIwJTIwJTIwJTIwJTIwJTIwJTIwJTIwJTIwJTIwJTIwJTIwJTIwJTIwJTI3JTNDcCUzRUhlbGxvJTNDJTJGcCUzRSUyNyUyMCUyQiUwQSUyMCUyMCUyMCUyMCUyMCUyMCUyMCUyMCUyMCUyMCUyMCUyMCUyMCUyMCUyMCUyMCUyMCUyMCUyMCUyMCUyNyUzQyUyRmRpdiUzRSUzQyUyRmRpdiUzRSUyNyUzQiUwQSUyMCUyMGRvY3VtZW50LmJvZHkuYXBwZW5kQ2hpbGQlMjhtb2RhbCUyOSUzQiUwQSUwQSUyMCUyMHZhciUyMG1vZGFsQm94JTIwJTNEJTIwZG9jdW1lbnQuZ2V0RWxlbWVudEJ5SWQlMjglMjdteU1vZGFsJTI3JTI5JTNCJTBBJTIwJTIwdmFyJTIwY2xvc2VCdG4lMjAlM0QlMjBtb2RhbEJveC5xdWVyeVNlbGVjdG9yJTI4JTI3LmNsb3NlJTI3JTI5JTNCJTBBJTBBJTIwJTIwa3Zra0NoZWNrYm94LmFkZEV2ZW50TGlzdGVuZXIlMjglMjdjaGFuZ2UlMjclMkMlMjBmdW5jdGlvbiUyOCUyOSUyMCU3QiUwQSUyMCUyMCUyMCUyMGlmJTIwJTI4a3Zra0NoZWNrYm94LmNoZWNrZWQlMjklMjAlN0IlMEElMjAlMjAlMjAlMjAlMjAlMjBtb2RhbEJveC5zdHlsZS5kaXNwbGF5JTIwJTNEJTIwJTI3YmxvY2slMjclM0IlMEElMjAlMjAlMjAlMjAlN0QlMjBlbHNlJTIwJTdCJTBBJTIwJTIwJTIwJTIwJTIwJTIwbW9kYWxCb3guc3R5bGUuZGlzcGxheSUyMCUzRCUyMCUyN25vbmUlMjclM0IlMEElMjAlMjAlMjAlMjAlN0QlMEElMjAlMjAlN0QlMjklM0IlMEElMEElMjAlMjBjbG9zZUJ0bi5hZGRFdmVudExpc3RlbmVyJTI4JTI3Y2xpY2slMjclMkMlMjBmdW5jdGlvbiUyOCUyOSUyMCU3QiUwQSUyMCUyMCUyMCUyMG1vZGFsQm94LnN0eWxlLmRpc3BsYXklMjAlM0QlMjAlMjdub25lJTI3JTNCJTBBJTIwJTIwJTIwJTIwa3Zra0NoZWNrYm94LmNoZWNrZWQlMjAlM0QlMjBmYWxzZSUzQiUyMCUyRiUyRiUyMHVuY2hlY2slMjB0aGUlMjBjaGVja2JveCUyMHdoZW4lMjBjbG9zaW5nJTIwdGhlJTIwbW9kYWwlMEElMjAlMjAlN0QlMjklM0IlMEElMEElMjAlMjB3aW5kb3cuYWRkRXZlbnRMaXN0ZW5lciUyOCUyN2NsaWNrJTI3JTJDJTIwZnVuY3Rpb24lMjhldmVudCUyOSUyMCU3QiUwQSUyMCUyMCUyMCUyMGlmJTIwJTI4ZXZlbnQudGFyZ2V0JTIwJTNEJTNEJTIwbW9kYWxCb3glMjklMjAlN0IlMEElMjAlMjAlMjAlMjAlMjAlMjBtb2RhbEJveC5zdHlsZS5kaXNwbGF5JTIwJTNEJTIwJTI3bm9uZSUyNyUzQiUwQSUyMCUyMCUyMCUyMCUyMCUyMGt2a2tDaGVja2JveC5jaGVja2VkJTIwJTNEJTIwZmFsc2UlM0IlMjAlMkYlMkYlMjB1bmNoZWNrJTIwdGhlJTIwY2hlY2tib3glMjB3aGVuJTIwY2xpY2tpbmclMjBvdXRzaWRlJTIwdGhlJTIwbW9kYWwlMEElMjAlMjAlMjAlMjAlN0QlMEElMjAlMjAlN0QlMjklM0IlMEElN0QlMjklM0IlMEElM0MlMkZzY3JpcHQlM0UlMEE=[\/vc_raw_html][\/vc_column][\/vc_row]<\/p>\n","protected":false},"author":1,"featured_media":0,"parent":0,"menu_order":0,"comment_status":"closed","ping_status":"closed","template":"","meta":{"footnotes":""},"class_list":["post-5593","page","type-page","status-publish","hentry"],"_links":{"self":[{"href":"https:\/\/cla.com.tr\/index.php\/wp-json\/wp\/v2\/pages\/5593","targetHints":{"allow":["GET"]}}],"collection":[{"href":"https:\/\/cla.com.tr\/index.php\/wp-json\/wp\/v2\/pages"}],"about":[{"href":"https:\/\/cla.com.tr\/index.php\/wp-json\/wp\/v2\/types\/page"}],"author":[{"embeddable":true,"href":"https:\/\/cla.com.tr\/index.php\/wp-json\/wp\/v2\/users\/1"}],"replies":[{"embeddable":true,"href":"https:\/\/cla.com.tr\/index.php\/wp-json\/wp\/v2\/comments?post=5593"}],"version-history":[{"count":6,"href":"https:\/\/cla.com.tr\/index.php\/wp-json\/wp\/v2\/pages\/5593\/revisions"}],"predecessor-version":[{"id":7338,"href":"https:\/\/cla.com.tr\/index.php\/wp-json\/wp\/v2\/pages\/5593\/revisions\/7338"}],"wp:attachment":[{"href":"https:\/\/cla.com.tr\/index.php\/wp-json\/wp\/v2\/media?parent=5593"}],"curies":[{"name":"wp","href":"https:\/\/api.w.org\/{rel}","templated":true}]}}