{"id":6187,"date":"2023-04-25T17:45:11","date_gmt":"2023-04-25T14:45:11","guid":{"rendered":"https:\/\/beta.cla.com.tr\/?page_id=6187"},"modified":"2023-12-05T17:27:25","modified_gmt":"2023-12-05T14:27:25","slug":"enerji-egitimleri","status":"publish","type":"page","link":"https:\/\/cla.com.tr\/index.php\/enerji-egitimleri\/","title":{"rendered":"Enerji E\u011fitimleri"},"content":{"rendered":"<p>[vc_row][vc_column][vc_column_text]D\u00fcnya\u2019da ve T\u00fcrkiye\u2019de enerji talebi g\u00fcn ge\u00e7tik\u00e7e artmakta; buna paralel olarak enerji \u00fcretimi ve arz\u0131yla birlikte enerji sekt\u00f6r\u00fc de da katlanarak b\u00fcy\u00fcmektedir.<\/p>\n<p>Ye\u015fil Mutabakat ve enerji sekt\u00f6r\u00fcndeki d\u00f6n\u00fc\u015f\u00fcm ile de enerji piyasas\u0131 de\u011fi\u015fmekte ve geli\u015fmektedir. Bunun yan\u0131s\u0131ra enerji alan\u0131nda teknolojik geli\u015fmeler ile enerjide yeni alanlar a\u00e7\u0131lmaktad\u0131r.<br \/>\nT\u00fcm bunlar enerji alan\u0131nda daima ara\u015ft\u0131rma ve \u00f6\u011frenme ihtiyac\u0131 do\u011furmaktad\u0131r. Bu ihtiyac\u0131 kar\u015f\u0131lamak \u00fczere CLA Academy olarak, 20 y\u0131ll\u0131k enerji sekt\u00f6r\u00fcndeki deneyimlerimizi e\u011fitimlerimize aktar\u0131yoruz.<\/p>\n<p>Enerjiyle ilgili E\u011fitim Programlar\u0131m\u0131zda; hem teknik, hem de mevzuatlarda ki yeni d\u00fczenlemeler ve g\u00fcncel uygulamalar hakk\u0131nda bilgi eksikli\u011finin giderilmesi \u00f6ncelikli amac\u0131m\u0131z olmaktad\u0131r.<br \/>\nAlan\u0131nda uzman hocalar\u0131m\u0131zla birlikte G\u00fcne\u015f Enerjisi, R\u00fczgar Enerjisi, Enerji Ticareti, Karbon Ayak izi E\u011fitimi, Enerji Mevzuat\u0131, Elektrik Piyasas\u0131 E\u011fitimi gibi e\u011fitimler d\u00fczenlemekteyiz.<\/p>\n<p>E\u011fitimlerimiz; enerji sekt\u00f6r\u00fcnde \u00e7al\u0131\u015fan, bu alana ilgi duyan herkes i\u00e7in tasarlanm\u0131\u015ft\u0131r.<\/p>\n<p>Kat\u0131l\u0131m sa\u011flamak istedi\u011finiz e\u011fitimler i\u00e7in \u2018<a href=\"\/index.php\/on-kayit-formu\/\"><strong>\u00d6n Kay\u0131t Formu<\/strong><\/a>\u2019 sekmesindeki Ba\u015fvuru Formu\u2019nu doldurarak detayl\u0131 bilgi edinebilirsiniz.<\/p>\n<p>E\u011fitim programlar\u0131m\u0131z hakk\u0131nda g\u00fcncel takvim i\u00e7in ayn\u0131 zamanda sosyal medya hesaplar\u0131m\u0131z\u0131 da takip edebilirsiniz.,[\/vc_column_text][\/vc_column][\/vc_row][vc_row css_animation=&#8221;fadeInLeft&#8221;][vc_column css_animation=&#8221;fadeInLeft&#8221; width=&#8221;1\/4&#8243; css=&#8221;.vc_custom_1682688054002{background-color: #ffffff !important;}&#8221;][vc_single_image image=&#8221;6611&#8243; img_size=&#8221;400&#215;250&#8243; onclick=&#8221;custom_link&#8221; link=&#8221;\/index.php\/enerji-hukuku-egitim-programi-2&#8243;][vc_column_text]<\/p>\n<h3 style=\"text-align: center;\"><a href=\"\/index.php\/2023\/04\/27\/enerji-hukuku-egitim-programi\/\">ENERJ\u0130 HUKUKU<\/a><\/h3>\n<p>[\/vc_column_text][\/vc_column][vc_column css_animation=&#8221;fadeInLeft&#8221; width=&#8221;1\/4&#8243; css=&#8221;.vc_custom_1682688059566{background-color: #ffffff !important;}&#8221;][vc_single_image image=&#8221;6692&#8243; img_size=&#8221;400&#215;250&#8243; onclick=&#8221;custom_link&#8221; css=&#8221;.vc_custom_1686127432604{background-color: #ffffff !important;}&#8221; link=&#8221;\/index.php\/elektrik-piyasasi-hakkinda\/&#8221;][vc_column_text]<\/p>\n<h3 class=\"mediz-page-title\" style=\"text-align: center;\"><a href=\"\/index.php\/elektrik-piyasasi-hakkinda\/\">ELEKTR\u0130K P\u0130YASASI<\/a><\/h3>\n<p>[\/vc_column_text][\/vc_column][vc_column width=&#8221;1\/4&#8243; css=&#8221;.vc_custom_1682688065335{background-color: #ffffff !important;}&#8221;][vc_single_image image=&#8221;6614&#8243; img_size=&#8221;400&#215;250&#8243; onclick=&#8221;custom_link&#8221; css=&#8221;.vc_custom_1686127409193{background-color: #ffffff !important;}&#8221; link=&#8221;\/index.php\/petrol-piyasasi-hakkinda\/&#8221;][vc_column_text]<\/p>\n<h3 class=\"mediz-page-title\" style=\"text-align: center;\"><a href=\"\/index.php\/petrol-piyasasi-hakkinda\/\">PETROL P\u0130YASASI<\/a><\/h3>\n<p>[\/vc_column_text][\/vc_column][vc_column css_animation=&#8221;fadeInLeft&#8221; width=&#8221;1\/4&#8243; css=&#8221;.vc_custom_1682688070104{background-color: #ffffff !important;}&#8221;][vc_single_image image=&#8221;6674&#8243; img_size=&#8221;400&#215;250&#8243; onclick=&#8221;custom_link&#8221; css=&#8221;.vc_custom_1686136262289{background-color: #ffffff !important;}&#8221; link=&#8221;\/index.php\/ruzgar-enerjisi-hakkinda\/&#8221;][vc_column_text]<\/p>\n<h3 class=\"mediz-page-title\" style=\"text-align: center;\"><a href=\"\/index.php\/ruzgar-enerjisi-hakkinda\/\">R\u00dcZGAR ENERJ\u0130S\u0130<\/a><\/h3>\n<p>[\/vc_column_text][\/vc_column][\/vc_row][vc_row css_animation=&#8221;fadeInLeft&#8221;][vc_column css_animation=&#8221;fadeInLeft&#8221; width=&#8221;1\/4&#8243; css=&#8221;.vc_custom_1682688070104{background-color: #ffffff !important;}&#8221;][vc_single_image image=&#8221;6675&#8243; img_size=&#8221;400&#215;250&#8243; onclick=&#8221;custom_link&#8221; css=&#8221;.vc_custom_1686127776522{background-color: #ffffff !important;}&#8221; link=&#8221;\/index.php\/elektrik-depolama-hakkinda\/&#8221;][vc_column_text]<\/p>\n<h3 class=\"mediz-page-title\" style=\"text-align: center;\"><a href=\"\/index.php\/elektrik-depolama-hakkinda\/\">ELEKTR\u0130K DEPOLAMA<\/a><\/h3>\n<p>[\/vc_column_text][\/vc_column][vc_column css_animation=&#8221;fadeInLeft&#8221; width=&#8221;1\/4&#8243; css=&#8221;.vc_custom_1682688054002{background-color: #ffffff !important;}&#8221;][vc_single_image image=&#8221;6688&#8243; img_size=&#8221;400&#215;250&#8243; onclick=&#8221;custom_link&#8221; link=&#8221;\/index.php\/karbon-ayak-izi\/&#8221;][vc_column_text]<\/p>\n<h3 style=\"text-align: center;\"><a href=\"\/index.php\/karbon-ayak-izi\/\">KARBON AYAK \u0130Z\u0130<\/a><\/h3>\n<p>[\/vc_column_text][\/vc_column][vc_column css_animation=&#8221;fadeInLeft&#8221; width=&#8221;1\/4&#8243; css=&#8221;.vc_custom_1682688059566{background-color: #ffffff !important;}&#8221;][vc_single_image image=&#8221;6216&#8243; img_size=&#8221;400&#215;250&#8243; onclick=&#8221;custom_link&#8221; css=&#8221;.vc_custom_1686138019697{background-color: #ffffff !important;}&#8221; link=&#8221;\/index.php\/gunes-enerjisi-mevzuati\/&#8221;][vc_column_text]<\/p>\n<h3 class=\"mediz-page-title\" style=\"text-align: center; font-size: 16px;\"><a href=\"\/index.php\/gunes-enerjisi-mevzuati\/\">G\u00dcNE\u015e ENERJ\u0130S\u0130 MEVZUATI<\/a><\/h3>\n<p>[\/vc_column_text][\/vc_column][vc_column width=&#8221;1\/4&#8243; css=&#8221;.vc_custom_1682688065335{background-color: #ffffff !important;}&#8221;][vc_single_image image=&#8221;6676&#8243; img_size=&#8221;400&#215;250&#8243; onclick=&#8221;custom_link&#8221; css=&#8221;.vc_custom_1686138388822{background-color: #ffffff !important;}&#8221; link=&#8221;\/index.php\/gunes-enerjisi-teknik-hakkinda\/&#8221;][vc_column_text]<\/p>\n<h3 class=\"mediz-page-title\" style=\"text-align: center; font-size: 16px;\">G\u00dcNE\u015e ENERJ\u0130S\u0130 TEKN\u0130K<\/h3>\n<p>[\/vc_column_text][\/vc_column][\/vc_row][vc_row css_animation=&#8221;fadeInLeft&#8221;][vc_column css_animation=&#8221;fadeInLeft&#8221; width=&#8221;1\/4&#8243; css=&#8221;.vc_custom_1682688070104{background-color: #ffffff !important;}&#8221;][vc_single_image image=&#8221;6707&#8243; img_size=&#8221;400&#215;250&#8243; onclick=&#8221;custom_link&#8221; css=&#8221;.vc_custom_1686138835717{background-color: #ffffff !important;}&#8221; link=&#8221;\/index.php\/gstc-egitimi-hakkinda\/&#8221;][vc_column_text]<\/p>\n<h3 class=\"mediz-page-title\" style=\"text-align: center;\"><a href=\"\/index.php\/gstc-egitimi-hakkinda\/\">GSTC E\u011e\u0130T\u0130M\u0130<\/a><\/h3>\n<p>[\/vc_column_text][\/vc_column][vc_column css_animation=&#8221;fadeInLeft&#8221; width=&#8221;1\/4&#8243; css=&#8221;.vc_custom_1682688054002{background-color: #ffffff !important;}&#8221;][vc_single_image image=&#8221;6698&#8243; img_size=&#8221;400&#215;250&#8243; onclick=&#8221;custom_link&#8221; link=&#8221;\/index.php\/enerji-ticaret-hakkinda\/&#8221;][vc_column_text]<\/p>\n<h3 style=\"text-align: center;\"><a href=\"\/index.php\/enerji-ticaret-hakkinda\/\">ENERJ\u0130 T\u0130CARET<\/a><\/h3>\n<p>[\/vc_column_text][\/vc_column][vc_column css_animation=&#8221;fadeInLeft&#8221; width=&#8221;1\/4&#8243; css=&#8221;.vc_custom_1682688059566{background-color: #ffffff !important;}&#8221;][vc_single_image image=&#8221;6686&#8243; img_size=&#8221;400&#215;250&#8243; onclick=&#8221;custom_link&#8221; css=&#8221;.vc_custom_1686139838095{background-color: #ffffff !important;}&#8221; link=&#8221;\/index.php\/surdurulebilirlik-gri-raporlama-hakkinda\/&#8221;][vc_column_text]<\/p>\n<h3 class=\"mediz-page-title\" style=\"text-align: center; font-size: 16px;\"><a href=\"\/index.php\/surdurulebilirlik-gri-raporlama-hakkinda\/\">S\u00dcRD\u00dcR\u00dcLEB\u0130L\u0130RL\u0130K <small><b>(GRI RAPORLAMA)<\/b><\/small><\/a><\/h3>\n<p>[\/vc_column_text][\/vc_column][\/vc_row]<\/p>\n","protected":false},"excerpt":{"rendered":"<p>[vc_row][vc_column][vc_column_text]D\u00fcnya\u2019da ve T\u00fcrkiye\u2019de enerji talebi g\u00fcn ge\u00e7tik\u00e7e artmakta; buna paralel olarak enerji \u00fcretimi ve arz\u0131yla birlikte enerji sekt\u00f6r\u00fc de da katlanarak b\u00fcy\u00fcmektedir. Ye\u015fil Mutabakat ve enerji sekt\u00f6r\u00fcndeki d\u00f6n\u00fc\u015f\u00fcm ile de enerji piyasas\u0131 de\u011fi\u015fmekte ve geli\u015fmektedir. Bunun yan\u0131s\u0131ra enerji alan\u0131nda teknolojik geli\u015fmeler ile enerjide yeni alanlar a\u00e7\u0131lmaktad\u0131r. T\u00fcm bunlar enerji alan\u0131nda daima ara\u015ft\u0131rma ve \u00f6\u011frenme ihtiyac\u0131 [&hellip;]<\/p>\n","protected":false},"author":1,"featured_media":0,"parent":0,"menu_order":0,"comment_status":"closed","ping_status":"closed","template":"","meta":{"footnotes":""},"class_list":["post-6187","page","type-page","status-publish","hentry"],"_links":{"self":[{"href":"https:\/\/cla.com.tr\/index.php\/wp-json\/wp\/v2\/pages\/6187","targetHints":{"allow":["GET"]}}],"collection":[{"href":"https:\/\/cla.com.tr\/index.php\/wp-json\/wp\/v2\/pages"}],"about":[{"href":"https:\/\/cla.com.tr\/index.php\/wp-json\/wp\/v2\/types\/page"}],"author":[{"embeddable":true,"href":"https:\/\/cla.com.tr\/index.php\/wp-json\/wp\/v2\/users\/1"}],"replies":[{"embeddable":true,"href":"https:\/\/cla.com.tr\/index.php\/wp-json\/wp\/v2\/comments?post=6187"}],"version-history":[{"count":63,"href":"https:\/\/cla.com.tr\/index.php\/wp-json\/wp\/v2\/pages\/6187\/revisions"}],"predecessor-version":[{"id":7225,"href":"https:\/\/cla.com.tr\/index.php\/wp-json\/wp\/v2\/pages\/6187\/revisions\/7225"}],"wp:attachment":[{"href":"https:\/\/cla.com.tr\/index.php\/wp-json\/wp\/v2\/media?parent=6187"}],"curies":[{"name":"wp","href":"https:\/\/api.w.org\/{rel}","templated":true}]}}