{"id":6223,"date":"2023-04-26T16:08:11","date_gmt":"2023-04-26T13:08:11","guid":{"rendered":"https:\/\/beta.cla.com.tr\/?page_id=6223"},"modified":"2023-12-05T16:58:33","modified_gmt":"2023-12-05T13:58:33","slug":"hukuk-egitimleri","status":"publish","type":"page","link":"https:\/\/cla.com.tr\/index.php\/hukuk-egitimleri\/","title":{"rendered":"MEVZUAT E\u011e\u0130T\u0130MLER\u0130"},"content":{"rendered":"<p>[vc_row][vc_column][vc_column_text]<\/p>\n<p style=\"text-align: justify;\">CLA Academy olarak 20 y\u0131ll\u0131k tecr\u00fcbemizle hukukun \u00e7e\u015fitli alanlar\u0131nda e\u011fitim d\u00fczenlemekteyiz.<\/p>\n<p style=\"text-align: justify;\">Firmalar\u0131n ihtiyac\u0131 olan Rekabet Hukuku, Vergi Hukuku, \u0130hale Hukuku gibi alanlarda e\u011fitimler yapmakla birlikte daha spesifik olarak enerji hukuku, petrol ve do\u011falgaz hukuku gibi alanlarda da e\u011fitimler vermekteyiz.<\/p>\n<p style=\"text-align: justify;\">\nHukukun her ekonomik sekt\u00f6r\u00fcn temeli oldu\u011funun fark\u0131nday\u0131z. Hukuki temelleri sa\u011flam at\u0131lm\u0131\u015f her sekt\u00f6r \u00f6ng\u00f6r\u00fclebilir ve g\u00fcvenilir bir sekt\u00f6r olacakt\u0131r. Bundan hareketle Hukuk e\u011fitimlerimize \u00e7ok \u00f6nem veriyoruz ve firmalar\u0131n en verim alaca\u011f\u0131 \u015fekilde e\u011fitim programlar\u0131m\u0131z\u0131 d\u00fczenliyoruz.<\/p>\n<p style=\"text-align: justify;\">\nAlan\u0131nda uzman hocalarla d\u00fczenledi\u011fimiz hukuk e\u011fitimlerimiz sadece hukuk\u00e7ulara y\u00f6nelik olmay\u0131p, konuya ilgi duyan, firmalar\u0131n y\u00f6netim kademesinde yer alan herkes i\u00e7in tasarlanm\u0131\u015ft\u0131r.<\/p>\n<p>&nbsp;[\/vc_column_text][\/vc_column][\/vc_row][vc_row][vc_column css_animation=&#8221;fadeInLeft&#8221; width=&#8221;1\/4&#8243; el_class=&#8221;qwq&#8221; css=&#8221;.vc_custom_1682515892359{background-color: #ffffff !important;}&#8221;][vc_single_image image=&#8221;6663&#8243; img_size=&#8221;400&#215;250&#8243; onclick=&#8221;custom_link&#8221; link=&#8221;index.php\/ekonomi-hukuku-hakkinda\/&#8221;][vc_column_text]<\/p>\n<h3 style=\"text-align: center;\"><a href=\"\/index.php\/ekonomi-hukuku-hakkinda\/\">EKONOM\u0130 HUKUKU<\/a><\/h3>\n<p>[\/vc_column_text][\/vc_column][vc_column css_animation=&#8221;fadeInLeft&#8221; width=&#8221;1\/4&#8243; el_class=&#8221;qwq&#8221; css=&#8221;.vc_custom_1682515898868{background-color: #ffffff !important;}&#8221;][vc_single_image image=&#8221;6664&#8243; img_size=&#8221;400&#215;250&#8243; onclick=&#8221;custom_link&#8221; link=&#8221;\/index.php\/vergi-hukuku-hakkinda-2\/&#8221;][vc_column_text]<\/p>\n<h3 style=\"text-align: center;\"><a href=\"\/index.php\/vergi-hukuku-hakkinda-2\/\">VERG\u0130 HUKUKU<\/a><\/h3>\n<p>[\/vc_column_text][\/vc_column][vc_column css_animation=&#8221;fadeInLeft&#8221; width=&#8221;1\/4&#8243; el_class=&#8221;qwq&#8221; css=&#8221;.vc_custom_1682515905580{background-color: #ffffff !important;}&#8221;][vc_single_image image=&#8221;6667&#8243; img_size=&#8221;400&#215;250&#8243; onclick=&#8221;custom_link&#8221; link=&#8221;\/index.php\/rekabet-hukuku-hakkinda\/&#8221;][vc_column_text]<\/p>\n<h3 style=\"text-align: center;\"><a href=\"\/index.php\/rekabet-hukuku-hakkinda\/\">REKABET HUKUKU<\/a><\/h3>\n<p>[\/vc_column_text][\/vc_column][vc_column css_animation=&#8221;fadeInLeft&#8221; width=&#8221;1\/4&#8243; el_class=&#8221;qwq&#8221; css=&#8221;.vc_custom_1682515911062{background-color: #ffffff !important;}&#8221;][vc_single_image image=&#8221;6672&#8243; img_size=&#8221;400&#215;250&#8243; onclick=&#8221;custom_link&#8221; link=&#8221;\/index.php\/kama-ihala-hukuku\/&#8221;][vc_column_text]<\/p>\n<h3 style=\"text-align: center;\"><a href=\"\/index.php\/kama-ihala-hukuku\/\">KAMU \u0130HALE HUKUKU<\/a><\/h3>\n<p>[\/vc_column_text][\/vc_column][\/vc_row][vc_row][vc_column css_animation=&#8221;fadeInLeft&#8221; width=&#8221;1\/4&#8243; el_class=&#8221;qwq&#8221; css=&#8221;.vc_custom_1682515917368{background-color: #ffffff !important;}&#8221;][vc_single_image image=&#8221;6662&#8243; img_size=&#8221;400&#215;250&#8243; onclick=&#8221;custom_link&#8221; link=&#8221;\/index.php\/enerji-hukuku-egitim-programi-hakkinda\/&#8221;][vc_column_text]<\/p>\n<h3 class=\"mediz-page-title\" style=\"text-align: center;\"><a href=\"\/index.php\/enerji-hukuku-egitim-programi-hakkinda\/\">ENERJ\u0130 MEVZUATI E\u011e\u0130T\u0130M PROGRAMI<\/a><\/h3>\n<p>[\/vc_column_text][\/vc_column][\/vc_row]<\/p>\n","protected":false},"excerpt":{"rendered":"<p>[vc_row][vc_column][vc_column_text] CLA Academy olarak 20 y\u0131ll\u0131k tecr\u00fcbemizle hukukun \u00e7e\u015fitli alanlar\u0131nda e\u011fitim d\u00fczenlemekteyiz. Firmalar\u0131n ihtiyac\u0131 olan Rekabet Hukuku, Vergi Hukuku, \u0130hale Hukuku gibi alanlarda e\u011fitimler yapmakla birlikte daha spesifik olarak enerji hukuku, petrol ve do\u011falgaz hukuku gibi alanlarda da e\u011fitimler vermekteyiz. Hukukun her ekonomik sekt\u00f6r\u00fcn temeli oldu\u011funun fark\u0131nday\u0131z. Hukuki temelleri sa\u011flam at\u0131lm\u0131\u015f her sekt\u00f6r \u00f6ng\u00f6r\u00fclebilir ve [&hellip;]<\/p>\n","protected":false},"author":1,"featured_media":0,"parent":0,"menu_order":0,"comment_status":"closed","ping_status":"closed","template":"","meta":{"footnotes":""},"class_list":["post-6223","page","type-page","status-publish","hentry"],"_links":{"self":[{"href":"https:\/\/cla.com.tr\/index.php\/wp-json\/wp\/v2\/pages\/6223","targetHints":{"allow":["GET"]}}],"collection":[{"href":"https:\/\/cla.com.tr\/index.php\/wp-json\/wp\/v2\/pages"}],"about":[{"href":"https:\/\/cla.com.tr\/index.php\/wp-json\/wp\/v2\/types\/page"}],"author":[{"embeddable":true,"href":"https:\/\/cla.com.tr\/index.php\/wp-json\/wp\/v2\/users\/1"}],"replies":[{"embeddable":true,"href":"https:\/\/cla.com.tr\/index.php\/wp-json\/wp\/v2\/comments?post=6223"}],"version-history":[{"count":23,"href":"https:\/\/cla.com.tr\/index.php\/wp-json\/wp\/v2\/pages\/6223\/revisions"}],"predecessor-version":[{"id":7222,"href":"https:\/\/cla.com.tr\/index.php\/wp-json\/wp\/v2\/pages\/6223\/revisions\/7222"}],"wp:attachment":[{"href":"https:\/\/cla.com.tr\/index.php\/wp-json\/wp\/v2\/media?parent=6223"}],"curies":[{"name":"wp","href":"https:\/\/api.w.org\/{rel}","templated":true}]}}