{"id":6278,"date":"2023-04-27T10:47:35","date_gmt":"2023-04-27T07:47:35","guid":{"rendered":"https:\/\/beta.cla.com.tr\/?page_id=6278"},"modified":"2023-04-27T10:51:00","modified_gmt":"2023-04-27T07:51:00","slug":"6278-2","status":"publish","type":"page","link":"https:\/\/cla.com.tr\/index.php\/6278-2\/","title":{"rendered":""},"content":{"rendered":"<p>[vc_row][vc_column width=&#8221;1\/4&#8243;][vc_single_image image=&#8221;6269&#8243; img_size=&#8221;large&#8221; style=&#8221;vc_box_shadow&#8221; css_animation=&#8221;fadeInLeft&#8221;][\/vc_column][vc_column width=&#8221;1\/2&#8243;][vc_column_text css_animation=&#8221;fadeInLeft&#8221;]<\/p>\n<p style=\"text-align: justify;\">Bilindi\u011fi \u00fczere enerji, teknolojinin hayat\u0131m\u0131za daha \u00e7ok dahil olmas\u0131yla \u00f6nemini g\u00fcn ge\u00e7tik\u00e7e art\u0131ran bir konu oldu\u011fu gibi \u00fclkelerin de en stratejik konular\u0131ndan birisidir.<\/p>\n<p style=\"text-align: justify;\">Bu geli\u015fimle beraber enerji arz ve talebi her g\u00fcn artmakta ve bu alanda mevzuatsal \u00e7al\u0131\u015fmalar h\u0131z kazanmaktad\u0131r. Dolay\u0131s\u0131yla enerji hukuku g\u00fcn ge\u00e7tik\u00e7e \u00f6nem kazanmaktad\u0131r.<\/p>\n<p style=\"text-align: justify;\">Enerji Hukuku E\u011fitim Program\u0131, \u00a0lisans e\u011fitimini hukuk alan\u0131nda tamamlam\u0131\u015f hukuk\u00e7ular ve\/veya enerji \u015firketlerinde \u00e7al\u0131\u015fan y\u00f6neticiler i\u00e7in tasarlanm\u0131\u015f bir programd\u0131r.<\/p>\n<p style=\"text-align: justify;\">Enerji hukukunu genel olarak tan\u0131mlay\u0131p, enerji piyasas\u0131n\u0131n i\u015fleyi\u015fini anlayabilmek i\u00e7in ve bu alanda bir alt yap\u0131ya sahip olmak isteyen herkes i\u00e7in uygun bir e\u011fitimdir.<\/p>\n<p style=\"text-align: justify;\">CLA ACADEMY, konusunda uzman e\u011fitmenler ile sizi hedefledi\u011finiz alanda daha ileri g\u00f6t\u00fcrecektir.<\/p>\n<p>[\/vc_column_text][\/vc_column][vc_column width=&#8221;1\/4&#8243;][stm_sidebar sidebar=&#8221;0&#8243;][\/vc_column][\/vc_row][vc_row][vc_column][vc_column_text]<style id=\"sp_tab_dynamic_style6262\">#sp-wp-tabs-wrapper_6262 .sp-tab__nav {justify-content: start;}#sp-wp-tabs-wrapper_6262.sp-tab__lay-default.sp-tab__horizontal-bottom {display: flex;flex-direction: column-reverse;}#sp-wp-tabs-wrapper_6262.sp-tab__lay-default.sp-tab__horizontal-bottom > ul {border-top: 1px solid #cccccc;border-bottom: 0;margin-top: 0;}#sp-wp-tabs-wrapper_6262.sp-tab__lay-default.sp-tab__horizontal-bottom > ul > li label.sp-tab__active {border-color: transparent #cccccc#cccccc;margin-top: -1px;}#sp-wp-tabs-wrapper_6262.sp-tab__lay-default.sp-tab__horizontal-bottom > ul > li label,#sp-wp-tabs-wrapper_6262.sp-tab__lay-default.sp-tab__horizontal-bottom > ul > li a,#sp-wp-tabs-wrapper_6262.sp-tab__lay-default.sp-tab__horizontal-bottom > ul > .sp-tab__nav-item {border-top: 0;border-top-left-radius: 0;border-top-right-radius: 0;border-bottom-left-radius: 2px;border-bottom-right-radius: 2px;}#sp-wp-tabs-wrapper_6262.sp-tab__lay-default.sp-tab__horizontal-bottom > ul {border-bottom: none;}#sp-wp-tabs-wrapper_6262.sp-tab__lay-default.sp-tab__horizontal-bottom .sp-tab__tab-content .sp-tab__tab-pane {border-top: 1px solid #cccccc;border-bottom: 0;}#sp-wp-tabs-wrapper_6262.sp-tab__lay-default .sp-tab__tab-content .sp-tab-content > ul,#sp-wp-tabs-wrapper_6262.sp-tab__lay-default .sp-tab__tab-content .sp-tab-content > ol {border-bottom: none;}#sp-wp-tabs-wrapper_6262 > .sp-tab__nav-tabs .sp-tab__nav-link.sp-tab__active .sp-tab__tab_title,#sp-wp-tabs-wrapper_6262.sp-tab__lay-default label > .sp-tab__card-header {color: #ffffff;}#sp-wp-tabs-wrapper_6262 > .sp-tab__nav-tabs > .sp-tab__nav-item.show .sp-tab__nav-link,#sp-wp-tabs-wrapper_6262 > .sp-tab__nav-tabs > .sp-tab__nav-item .sp-tab__nav-link.sp-tab__active,#sp-wp-tabs-wrapper_6262.sp-tab__lay-default label > .sp-tab__card-header {background-color: #2548b2;}#sp-wp-tabs-wrapper_6262 .sp-tab__nav-tabs .sp-tab__nav-item.show .sp-tab__nav-link,#sp-wp-tabs-wrapper_6262.sp-tab__lay-default ul li label.sp-tab__active {border-color: #cccccc#cccccc transparent;}#sp-wp-tabs-wrapper_6262.sp-tab__lay-default > ul > li > label,#sp-wp-tabs-wrapper_6262.sp-tab__lay-default > ul > li > a {cursor: pointer;border-color: #cccccc;padding-top: 15px;padding-right: 15px;padding-bottom: 15px;padding-left: 15px;}#sp-wp-tabs-wrapper_6262 > .sp-tab__nav-tabs .sp-tab__nav-link {border: 1px solid #cccccc;height: 100%;}#sp-wp-tabs-wrapper_6262.sp-tab__lay-default > ul > li label,#sp-wp-tabs-wrapper_6262.sp-tab__lay-default > ul > li a,#sp-wp-tabs-wrapper_6262.sp-tab__lay-default > ul > .sp-tab__nav-item {border-top-left-radius: 2px;border-top-right-radius: 2px;}#sp-wp-tabs-wrapper_6262 .sp-tab__nav-tabs .sp-tab__nav-item {margin-bottom: -1px; }#sp-wp-tabs-wrapper_6262.sp-tab__lay-default > ul .sp-tab__nav-item,#sp-wp-tabs-wrapper_6262.sp-tab__lay-default label.collapsed > .sp-tab__card-header {background-color: #002e5b;}#sp-wp-tabs-wrapper_6262.sp-tab__lay-default > ul .sp-tab__nav-item {margin-right: 10px;margin-top: 5px;}#sp-wp-tabs-wrapper_6262.sp-tab__lay-default > ul .sp-tab__nav-item:last-child {margin-right: 0;}#sp-wp-tabs-wrapper_6262.sp-tab__lay-default > ul .sp-tab__nav-item label:hover .sp-tab__tab_title,#sp-wp-tabs-wrapper_6262.sp-tab__lay-default > ul .sp-tab__nav-item a:hover .sp-tab__tab_title,#sp-wp-tabs-wrapper_6262.sp-tab__lay-default label.collapsed .sp-tab__card-header:hover {color: #ffffff;transition: .3s;}#sp-wp-tabs-wrapper_6262.sp-tab__lay-default > ul .sp-tab__nav-item:hover,#sp-wp-tabs-wrapper_6262.sp-tab__lay-default label.collapsed > .sp-tab__card-header:hover {background-color: #0041d8;}#sp-wp-tabs-wrapper_6262.sp-tab__lay-default > .sp-tab__tab-content .sp-tab__tab-pane {border: 1px solid #cccccc;padding-top: 20px;padding-right: 20px;padding-bottom: 20px;padding-left: 20px;border-top: 0px;background-color: #ffffff;}#sp-wp-tabs-wrapper_6262.sp-tab__lay-default > ul {border-bottom: 1px solid #cccccc;}@media(max-width:480px) {#sp-wp-tabs-wrapper_6262.sp-tab__lay-default > ul li.sp-tab__nav-item {width: 100%;margin-right: 0px;}#sp-wp-tabs-wrapper_6262.sp-tab__lay-default > ul li.sp-tab__nav-item:last-child {margin-bottom: -1px;}}#poststuff h2.sp-tab__section_title_6262, h2.sp-tab__section_title_6262 ,.editor-styles-wrapper .wp-block h2.sp-tab__section_title_6262{margin-bottom: 30px !important;font-weight: 600;font-style: normal;font-size: 28px;line-height: 28px;letter-spacing: 0px;color: #ffffff;}#sp-wp-tabs-wrapper_6262.sp-tab__lay-default > ul .sp-tab__nav-item .sp-tab__tab_title,#sp-wp-tabs-wrapper_6262.sp-tab__lay-default label.collapsed > .sp-tab__card-header {font-weight: 600;font-style: normal;font-size: 16px;line-height: 22px;letter-spacing: 0px;color: #ffffff;margin: 0px;}#sp-wp-tabs-wrapper_6262.sp-tab__lay-default > .sp-tab__tab-content .sp-tab__tab-pane {font-weight: 400;font-style: normal;font-size: 16px;line-height: 24px;letter-spacing: 0px;color: #444;}#sp-wp-tabs-wrapper_6262.sp-tab__lay-default > .sp-tab__tab-content .sp-tab__tab-pane ul li a, #sp-wp-tabs-wrapper_6262.sp-tab__lay-default .sp-tab__tab-content .sp-tab__tab-pane ol li a {color: #444;}<\/style>\t<h2 class=\"sp-tab__section_title_6262\"> Enerji Hukuku E\u011fitim Program\u0131<\/h2>\n\t\t\t<div id=\"sp-wp-tabs-wrapper_6262\" class=\"sp-tab__lay-default\" data-preloader=\"1\" data-activemode=\"tabs-activator-event-hover\">\n\t\t\t\t<div class=\"sp-tab__preloader\">\n\t\t<div class=\"sp-tab__spinner\">\n\t\t\t<div class=\"rect1\"><\/div>\n\t\t\t<div class=\"rect2\"><\/div>\n\t\t\t<div class=\"rect3\"><\/div>\n\t\t\t<div class=\"rect4\"><\/div>\n\t\t\t<div class=\"rect5\"><\/div>\n\t\t<\/div>\n\t<\/div>\n\t<ul class=\"sp-tab__nav sp-tab__nav-tabs\" id=\"sp-tab__ul\" role=\"tablist\">\n\t\t\t\t<li class=\"sp-tab__nav-item\" role=\"navigation\">\n\t\t\t\t<label class=\"sp-tab__nav-link sp-tab__active\" data-sptoggle=\"tab\" for=\"#tab-62621\" role=\"tab\" aria-controls=tab-62621 aria-selected=false>\n\t\t\t\t\t<span class=\"tab_title_area\"><H4 class=\"sp-tab__tab_title\">A\u00c7IKLAMA<\/H4><\/span>\n\t\t\t\t<\/label>\n\t\t\t<\/li>\n\t\t\t\t\t\t<li class=\"sp-tab__nav-item\" role=\"navigation\">\n\t\t\t\t<label class=\"sp-tab__nav-link\" data-sptoggle=\"tab\" for=\"#tab-62622\" role=\"tab\" aria-controls=tab-62622 aria-selected=false>\n\t\t\t\t\t<span class=\"tab_title_area\"><H4 class=\"sp-tab__tab_title\">E\u011e\u0130T\u0130M \u0130\u00c7ER\u0130\u011e\u0130 <\/H4><\/span>\n\t\t\t\t<\/label>\n\t\t\t<\/li>\n\t\t\t\t\t\t<li class=\"sp-tab__nav-item\" role=\"navigation\">\n\t\t\t\t<label class=\"sp-tab__nav-link\" data-sptoggle=\"tab\" for=\"#tab-62623\" role=\"tab\" aria-controls=tab-62623 aria-selected=false>\n\t\t\t\t\t<span class=\"tab_title_area\"><H4 class=\"sp-tab__tab_title\">E\u011e\u0130TMEN<\/H4><\/span>\n\t\t\t\t<\/label>\n\t\t\t<\/li>\n\t\t\t\t\t\t<li class=\"sp-tab__nav-item\" role=\"navigation\">\n\t\t\t\t<label class=\"sp-tab__nav-link\" data-sptoggle=\"tab\" for=\"#tab-62624\" role=\"tab\" aria-controls=tab-62624 aria-selected=false>\n\t\t\t\t\t<span class=\"tab_title_area\"><H4 class=\"sp-tab__tab_title\">GENEL B\u0130LG\u0130LEND\u0130RME<\/H4><\/span>\n\t\t\t\t<\/label>\n\t\t\t<\/li>\n\t\t\t<\/ul>\n<div class=\"sp-tab__tab-content\">\n\t\t\t\t<div id=\"tab-62621\" class=\"sp-tab__tab-pane sp-tab__show sp-tab__active\" role=\"tabpanel\">\n\t\t\t\t\t<div class=\"sp-tab-content\"><p style=\"text-align: justify;\">Bilindi\u011fi \u00fczere enerji, teknolojinin hayat\u0131m\u0131za daha \u00e7ok dahil olmas\u0131yla \u00f6nemini g\u00fcn ge\u00e7tik\u00e7e art\u0131ran bir konu oldu\u011fu gibi \u00fclkelerin de en stratejik konular\u0131ndan birisidir.<br \/>\nBu geli\u015fimle beraber enerji arz ve talebi her g\u00fcn artmakta ve bu alanda mevzuatsal \u00e7al\u0131\u015fmalar h\u0131z kazanmaktad\u0131r. Dolay\u0131s\u0131yla enerji hukuku g\u00fcn ge\u00e7tik\u00e7e \u00f6nem kazanmaktad\u0131r.<br \/>\nEnerji Hukuku E\u011fitim Program\u0131, \u00a0lisans e\u011fitimini hukuk alan\u0131nda tamamlam\u0131\u015f hukuk\u00e7ular veya enerji \u015firketlerinde \u00e7al\u0131\u015fan\/\u00e7al\u0131\u015fmak isteyen ki\u015filer i\u00e7in tasarlanm\u0131\u015f bir programd\u0131r.<br \/>\nEnerji hukukunu genel olarak tan\u0131mlay\u0131p, enerji piyasas\u0131n\u0131n i\u015fleyi\u015fini anlayabilmek i\u00e7in ve bu alanda bir alt yap\u0131ya sahip olmak isteyen herkes i\u00e7in uygun bir e\u011fitimdir.<br \/>\nCLA ACADEMY, alan\u0131nda uzman e\u011fitmenler ile sizi hedefledi\u011finiz alanda daha ileriye g\u00f6t\u00fcrecektir.<\/p>\n<\/div>\n\t\t\t\t<\/div>\n\t\t\t\t\t\t\t\t<div id=\"tab-62622\" class=\"sp-tab__tab-pane \" role=\"tabpanel\">\n\t\t\t\t\t<div class=\"sp-tab-content\"><p>ENERJ\u0130 HUKUKU E\u011e\u0130T\u0130M PROGRAMI<\/p>\n<p>Enerji Hukukuna Giri\u015f<br \/>\nGenel olarak Enerji Hukuku<br \/>\nEnerji Hukuku ve Reg\u00fclasyon<br \/>\nEnerjinin S\u0131n\u0131fland\u0131r\u0131lmas\u0131<br \/>\nEnerji Hukuku Akt\u00f6rleri, D\u00fczenleyici Kurumlar ve EPDK<br \/>\nUlusal ve Uluslararas\u0131 Enerji \u00dcretim ve Talepleri<\/p>\n<p>Elektrik Piyasas\u0131<br \/>\nElektrik Piyasas\u0131 Teknik Kavramlar<br \/>\nElektrik Piyasas\u0131 Faaliyetleri<br \/>\nFaaliyetlerin Hukuki \u00c7er\u00e7evesi<br \/>\nElektrik Piyasas\u0131 Lisanslama S\u00fcre\u00e7leri<br \/>\nLisanss\u0131z \u00dcretim<br \/>\nYenilenebilir Enerji Kanunu ve YEKDEM Mekanizmas\u0131<br \/>\nHibrit Enerji<\/p>\n<p>T\u00fcrkiye S\u0131v\u0131la\u015ft\u0131r\u0131lm\u0131\u015f Petrol Gazlar\u0131 (LPG) Piyasas\u0131<br \/>\nLPG Piyasas\u0131na Giri\u015f<br \/>\nLPG Piyasas\u0131 Faaliyetleri<br \/>\nFaaliyetlerin Hukuki \u00c7er\u00e7evesi<br \/>\nLPG Piyasas\u0131 Lisanslama S\u00fcre\u00e7leri<br \/>\nLPG Piyasas\u0131 Akt\u00f6rleri<br \/>\nLPG Piyasas\u0131 S\u00f6zle\u015fmeleri<\/p>\n<p>Petrol Piyasas\u0131<br \/>\nPetrol Piyasas\u0131na Giri\u015f<br \/>\nPetrol Piyasas\u0131 Faaliyetleri<br \/>\nFaaliyetlerin Hukuki \u00c7er\u00e7evesi<br \/>\nPetrol Piyasas\u0131 Lisanslama S\u00fcre\u00e7leri<br \/>\nPetrol Piyasas\u0131 Akt\u00f6rleri<br \/>\nPetrol Piyasas\u0131 S\u00f6zle\u015fmeleri<\/p>\n<p>Do\u011falgaz Piyasas\u0131<br \/>\nDo\u011falgaz Piyasas\u0131na Giri\u015f<br \/>\nDo\u011falgaz Piyasas\u0131 Faaliyetleri<br \/>\nFaaliyetlerin Hukuki \u00c7er\u00e7evesi<br \/>\nDo\u011falgaz Piyasas\u0131 Lisanslama S\u00fcre\u00e7leri<br \/>\nDo\u011falgaz Piyasas\u0131 Akt\u00f6rleri<br \/>\nDo\u011falgaz Piyasas\u0131 S\u00f6zle\u015fmeleri<\/p>\n<p>Enerji Piyasalar\u0131nda Ulusal ve Uluslararas\u0131 Uyu\u015fmazl\u0131k \u00c7\u00f6z\u00fcm Mekanizmalar\u0131 ve Yarg\u0131 Kararlar\u0131<br \/>\nUluslararas\u0131 Enerji Yat\u0131r\u0131mlar\u0131ndan Kaynaklanan Uyu\u015fmazl\u0131klar<br \/>\nUluslararas\u0131 S\u00f6zle\u015fmeler<br \/>\nUluslararas\u0131 tahkim mekanizmalar\u0131<br \/>\nUygulanacak Hukuk ve Hakem Kararlar\u0131n\u0131n Ba\u011flay\u0131c\u0131l\u0131\u011f\u0131<br \/>\nT\u00fcrk Yarg\u0131 Kararlar\u0131n\u0131n incelenmesi<\/p>\n<p>Enerji Piyasalar\u0131 ve Rekabet Hukuku<br \/>\nRekabet Kanunu\u2019ndaki Temel H\u00fck\u00fcmler<br \/>\nElektrik Piyasas\u0131n\u0131n Rekabet Hukuku A\u00e7\u0131s\u0131ndan \u0130ncelenmesi<br \/>\nPetrol Piyasas\u0131n\u0131n Rekabet Hukuku A\u00e7\u0131s\u0131ndan \u0130ncelenmesi<br \/>\nDo\u011fal Gaz Piyasas\u0131n\u0131n Rekabet Hukuku A\u00e7\u0131s\u0131ndan \u0130ncelenmesi<br \/>\nS\u0131v\u0131la\u015ft\u0131r\u0131lm\u0131\u015f Petrol Gazlar\u0131 (LPG) Piyasas\u0131n\u0131n Rekabet Hukuku A\u00e7\u0131s\u0131ndan \u0130ncelenmesi<br \/>\nRekabet Sorunlar\u0131 ve Al\u0131nan \u00d6nlemler<br \/>\nRekabet Kurumu ve EPDK Aras\u0131 Yetki Sorunu<\/p>\n<p>\u00c7evre Hukuku ve Enerji Verimlili\u011fi Mevzuat\u0131<br \/>\n\u00c7evre Hukuku T\u00fcrk Hukuku Mevzuat\u0131<br \/>\nUluslararas\u0131 anla\u015fmalar<br \/>\n\u00c7evre \u0130hlalinde idari yat\u0131r\u0131mlar<br \/>\nEnerji \u00dcretiminin \u00c7evreye etkileri<br \/>\n\u00c7evresel Etki De\u011ferlendirme (\u00c7ED) Belgesi s\u00fcreci<br \/>\nYe\u015fil Mutabakat<br \/>\nEnerji Verimli\u011fi Mevzuat\u0131<br \/>\nEnerji Performans S\u00f6zle\u015fmeleri<\/p>\n<p>Elektrik Piyasas\u0131 S\u00f6zle\u015fmeleri<br \/>\nElektrik Piyasas\u0131 S\u00f6zle\u015fmelerine Genel Bak\u0131\u015f<br \/>\nElektrik Piyasas\u0131 S\u00f6zle\u015fmelerinin Hukuki Niteli\u011fi<br \/>\nElektrik Piyasas\u0131 S\u00f6zle\u015fmelerinin S\u0131n\u0131fland\u0131r\u0131lmas\u0131<br \/>\nToptan Sat\u0131\u015f Seviyesindeki S\u00f6zle\u015fmeler<br \/>\nEFET S\u00f6zle\u015fmesi<br \/>\nElektrik Tedarik S\u00f6zle\u015fmeleri ve Unsurlar\u0131<br \/>\nPerakende Sat\u0131\u015f s\u00f6zle\u015fmesi<br \/>\nSerbest Tedarik S\u00f6zle\u015fmeleri<br \/>\nProje Finansman\u0131 ve Anahtar Teslim \u0130n\u015faat (EPC) S\u00f6zle\u015fmeleri<br \/>\nUyu\u015fmazl\u0131k \u00d6rnekleri<\/p>\n<p>*CLA Academy program i\u00e7erik ve saatlerinde de\u011fi\u015fiklik yapabilir.<\/p>\n<\/div>\n\t\t\t\t<\/div>\n\t\t\t\t\t\t\t\t<div id=\"tab-62623\" class=\"sp-tab__tab-pane \" role=\"tabpanel\">\n\t\t\t\t\t<div class=\"sp-tab-content\"><\/div>\n\t\t\t\t<\/div>\n\t\t\t\t\t\t\t\t<div id=\"tab-62624\" class=\"sp-tab__tab-pane \" role=\"tabpanel\">\n\t\t\t\t\t<div class=\"sp-tab-content\"><p>E\u011fitim Program\u0131n\u00a0g\u00fcncel\u00a0tarihleri belli oldu\u011funda sayfam\u0131zda duyurusu yap\u0131lacakt\u0131r.<\/p>\n<p>Bu e\u011fitime sekt\u00f6r hakk\u0131nda i\u015fleyi\u015fi anlayabilmek ve bu alanda bir alt yap\u0131ya sahip olmak isteyen herkes i\u00e7in uygundur.<\/p>\n<p>24 saatlik\u00a0e\u011fitim program\u0131n\u0131n detaylar\u0131 e\u011fitim i\u00e7eri\u011finde yer almaktad\u0131r.<br \/>\nOnline\/interaktif Zoom\u00a0platformu \u00fczerinden yap\u0131lacak olan e\u011fitim i\u00e7in kat\u0131l\u0131mc\u0131lara e\u011fitimden bir g\u00fcn \u00f6nce ba\u011flant\u0131 linki g\u00f6nderilecektir.<\/p>\n<p>Ayn\u0131 kurum i\u00e7erisinden toplu kat\u0131l\u0131mlarda \u00fccretlerde indirim uygulanmaktad\u0131r.<br \/>\nProgram bedeli, havale\/EFT ile veya kredi kart\u0131 ile \u00f6denebilmektedir.<br \/>\nOnline e\u011fitimlerde program bedeline PDF olarak e\u011fitim dok\u00fcmanlar\u0131 ve ger\u00e7ekle\u015ftirilen canl\u0131 e\u011fitime bir ayl\u0131k video olarak tekrar eri\u015fim dahildir<br \/>\nE\u011fitim sonunda kat\u0131l\u0131mc\u0131lara QR Kodlu Kat\u0131l\u0131m Sertifikas\u0131 adreslerine g\u00f6nderilecektir.<br \/>\nE\u011fitim \u00fccretini \u00f6\u011frenmek i\u00e7in l\u00fctfen bizlerle ileti\u015fime ge\u00e7iniz.<\/p>\n<p>&nbsp;<\/p>\n<\/div>\n\t\t\t\t<\/div>\n\t\t\t\t<\/div>\n\t\t<\/div>\n\t\t[\/vc_column_text][\/vc_column][\/vc_row]<\/p>\n","protected":false},"excerpt":{"rendered":"<p>[vc_row][vc_column width=&#8221;1\/4&#8243;][vc_single_image image=&#8221;6269&#8243; img_size=&#8221;large&#8221; style=&#8221;vc_box_shadow&#8221; css_animation=&#8221;fadeInLeft&#8221;][\/vc_column][vc_column width=&#8221;1\/2&#8243;][vc_column_text css_animation=&#8221;fadeInLeft&#8221;] Bilindi\u011fi \u00fczere enerji, teknolojinin hayat\u0131m\u0131za daha \u00e7ok dahil olmas\u0131yla \u00f6nemini g\u00fcn ge\u00e7tik\u00e7e art\u0131ran bir konu oldu\u011fu gibi \u00fclkelerin de en stratejik konular\u0131ndan birisidir. Bu geli\u015fimle beraber enerji arz ve talebi her g\u00fcn artmakta ve bu alanda mevzuatsal \u00e7al\u0131\u015fmalar h\u0131z kazanmaktad\u0131r. Dolay\u0131s\u0131yla enerji hukuku g\u00fcn ge\u00e7tik\u00e7e \u00f6nem kazanmaktad\u0131r. [&hellip;]<\/p>\n","protected":false},"author":1,"featured_media":0,"parent":0,"menu_order":0,"comment_status":"closed","ping_status":"closed","template":"","meta":{"footnotes":""},"class_list":["post-6278","page","type-page","status-publish","hentry"],"_links":{"self":[{"href":"https:\/\/cla.com.tr\/index.php\/wp-json\/wp\/v2\/pages\/6278","targetHints":{"allow":["GET"]}}],"collection":[{"href":"https:\/\/cla.com.tr\/index.php\/wp-json\/wp\/v2\/pages"}],"about":[{"href":"https:\/\/cla.com.tr\/index.php\/wp-json\/wp\/v2\/types\/page"}],"author":[{"embeddable":true,"href":"https:\/\/cla.com.tr\/index.php\/wp-json\/wp\/v2\/users\/1"}],"replies":[{"embeddable":true,"href":"https:\/\/cla.com.tr\/index.php\/wp-json\/wp\/v2\/comments?post=6278"}],"version-history":[{"count":3,"href":"https:\/\/cla.com.tr\/index.php\/wp-json\/wp\/v2\/pages\/6278\/revisions"}],"predecessor-version":[{"id":6282,"href":"https:\/\/cla.com.tr\/index.php\/wp-json\/wp\/v2\/pages\/6278\/revisions\/6282"}],"wp:attachment":[{"href":"https:\/\/cla.com.tr\/index.php\/wp-json\/wp\/v2\/media?parent=6278"}],"curies":[{"name":"wp","href":"https:\/\/api.w.org\/{rel}","templated":true}]}}