{"id":6690,"date":"2023-05-03T16:30:18","date_gmt":"2023-05-03T13:30:18","guid":{"rendered":"https:\/\/beta.cla.com.tr\/?page_id=6690"},"modified":"2023-12-05T11:48:22","modified_gmt":"2023-12-05T08:48:22","slug":"elektrik-piyasasi-hakkinda","status":"publish","type":"page","link":"https:\/\/cla.com.tr\/index.php\/elektrik-piyasasi-hakkinda\/","title":{"rendered":"Elektrik Piyasas\u0131 Hakk\u0131nda"},"content":{"rendered":"<p>[vc_row][vc_column][vc_custom_heading text=&#8221;Elektrik Piyasas\u0131 Hakk\u0131nda&#8221; google_fonts=&#8221;font_family:Exo%3A100%2C100italic%2C200%2C200italic%2C300%2C300italic%2Cregular%2Citalic%2C500%2C500italic%2C600%2C600italic%2C700%2C700italic%2C800%2C800italic%2C900%2C900italic|font_style:700%20bold%20regular%3A700%3Anormal&#8221; css_animation=&#8221;fadeInLeft&#8221;][\/vc_column][\/vc_row][vc_row][vc_column width=&#8221;1\/2&#8243;][vc_single_image image=&#8221;6700&#8243; img_size=&#8221;large&#8221; el_class=&#8221;weew&#8221;][\/vc_column][vc_column width=&#8221;1\/2&#8243;][vc_column_text]<\/p>\n<p style=\"text-align: justify;font-famil:Exo;\">Elektrik Piyasas\u0131 E\u011fitim Program\u0131, ke\u015ffinden bu yana insanl\u0131k tarihini derinden etkilemi\u015f elektrik enerjisini ve kayna\u011f\u0131ndan bizlere ula\u015f\u0131ncaya kadar ge\u00e7irdi\u011fi s\u00fcrecin hukuki zeminini anlatan kapsaml\u0131 bir program olarak CLA ACADEMY taraf\u0131ndan haz\u0131rland\u0131.<\/p>\n<p style=\"text-align: justify;\">Piyasa faaliyetleri, bu faaliyetleri ger\u00e7ekle\u015ftiren kurumlar ve lisanslama s\u00fcre\u00e7leri hakk\u0131nda t\u00fcm bilgileri elde edebilece\u011finiz, YEKDEM ve YEKA mekanizmalar\u0131yla birlikte yenilenebilir enerjiye d\u00f6n\u00fc\u015f\u00fcm ve te\u015fvik s\u00fcre\u00e7lerini takip edebilece\u011finiz bu e\u011fitim program\u0131na gerek enerji sekt\u00f6r\u00fc mensubu gerekse bir hukuk\u00e7u olarak rahatl\u0131kla kat\u0131labilirsiniz.<\/p>\n<p>[\/vc_column_text][\/vc_column][\/vc_row]<\/p>\n","protected":false},"excerpt":{"rendered":"<p>[vc_row][vc_column][vc_custom_heading text=&#8221;Elektrik Piyasas\u0131 Hakk\u0131nda&#8221; google_fonts=&#8221;font_family:Exo%3A100%2C100italic%2C200%2C200italic%2C300%2C300italic%2Cregular%2Citalic%2C500%2C500italic%2C600%2C600italic%2C700%2C700italic%2C800%2C800italic%2C900%2C900italic|font_style:700%20bold%20regular%3A700%3Anormal&#8221; css_animation=&#8221;fadeInLeft&#8221;][\/vc_column][\/vc_row][vc_row][vc_column width=&#8221;1\/2&#8243;][vc_single_image image=&#8221;6700&#8243; img_size=&#8221;large&#8221; el_class=&#8221;weew&#8221;][\/vc_column][vc_column width=&#8221;1\/2&#8243;][vc_column_text] Elektrik Piyasas\u0131 E\u011fitim Program\u0131, ke\u015ffinden bu yana insanl\u0131k tarihini derinden etkilemi\u015f elektrik enerjisini ve kayna\u011f\u0131ndan bizlere ula\u015f\u0131ncaya kadar ge\u00e7irdi\u011fi s\u00fcrecin hukuki zeminini anlatan kapsaml\u0131 bir program olarak CLA ACADEMY taraf\u0131ndan haz\u0131rland\u0131. Piyasa faaliyetleri, bu faaliyetleri ger\u00e7ekle\u015ftiren kurumlar ve lisanslama s\u00fcre\u00e7leri hakk\u0131nda t\u00fcm bilgileri elde [&hellip;]<\/p>\n","protected":false},"author":1,"featured_media":0,"parent":0,"menu_order":0,"comment_status":"closed","ping_status":"closed","template":"","meta":{"footnotes":""},"class_list":["post-6690","page","type-page","status-publish","hentry"],"_links":{"self":[{"href":"https:\/\/cla.com.tr\/index.php\/wp-json\/wp\/v2\/pages\/6690","targetHints":{"allow":["GET"]}}],"collection":[{"href":"https:\/\/cla.com.tr\/index.php\/wp-json\/wp\/v2\/pages"}],"about":[{"href":"https:\/\/cla.com.tr\/index.php\/wp-json\/wp\/v2\/types\/page"}],"author":[{"embeddable":true,"href":"https:\/\/cla.com.tr\/index.php\/wp-json\/wp\/v2\/users\/1"}],"replies":[{"embeddable":true,"href":"https:\/\/cla.com.tr\/index.php\/wp-json\/wp\/v2\/comments?post=6690"}],"version-history":[{"count":12,"href":"https:\/\/cla.com.tr\/index.php\/wp-json\/wp\/v2\/pages\/6690\/revisions"}],"predecessor-version":[{"id":7180,"href":"https:\/\/cla.com.tr\/index.php\/wp-json\/wp\/v2\/pages\/6690\/revisions\/7180"}],"wp:attachment":[{"href":"https:\/\/cla.com.tr\/index.php\/wp-json\/wp\/v2\/media?parent=6690"}],"curies":[{"name":"wp","href":"https:\/\/api.w.org\/{rel}","templated":true}]}}