{"id":6703,"date":"2023-05-03T16:52:52","date_gmt":"2023-05-03T13:52:52","guid":{"rendered":"https:\/\/beta.cla.com.tr\/?page_id=6703"},"modified":"2023-08-07T12:51:51","modified_gmt":"2023-08-07T09:51:51","slug":"petrol-piyasasi-hakkinda","status":"publish","type":"page","link":"https:\/\/cla.com.tr\/index.php\/petrol-piyasasi-hakkinda\/","title":{"rendered":"Petrol Piyasas\u0131 Hakk\u0131nda"},"content":{"rendered":"<p>[vc_row][vc_column][vc_custom_heading text=&#8221;Petrol Piyasas\u0131 Hakk\u0131nda&#8221; google_fonts=&#8221;font_family:Vollkorn%3Aregular%2Citalic%2C700%2C700italic|font_style:700%20bold%20regular%3A700%3Anormal&#8221; css_animation=&#8221;fadeInLeft&#8221;][\/vc_column][\/vc_row][vc_row][vc_column width=&#8221;1\/2&#8243;][vc_single_image image=&#8221;6711&#8243; img_size=&#8221;large&#8221; el_class=&#8221;weew&#8221;][\/vc_column][vc_column width=&#8221;1\/2&#8243;][vc_column_text]<\/p>\n<p style=\"text-align: justify;\">Petrol Piyasas\u0131 E\u011fitimi, fosil yak\u0131tlar denildi\u011finde akla ilk gelen ham petrol\u00fcn arama ve \u00fcretim a\u015famas\u0131ndan ba\u015flayarak piyasa faaliyetlerini, petrol kanununu, da\u011f\u0131t\u0131m hizmetlerini detayl\u0131 olarak inceleyen bir program\u0131d\u0131r.<\/p>\n<p style=\"text-align: justify;\">Ek olarak, petrol\u00fcn toprak alt\u0131ndan \u00e7\u0131karken elde edilen do\u011falgaz ve s\u0131v\u0131la\u015ft\u0131r\u0131lm\u0131\u015f petrol gazlar\u0131n\u0131n piyasalar\u0131n\u0131n da ele al\u0131nd\u0131\u011f\u0131 bu programda ulusal ve uluslararas\u0131 uyu\u015fmazl\u0131k \u00e7\u00f6z\u00fcm mekanizmalar\u0131 ve yarg\u0131 kararlar\u0131n\u0131 da tan\u0131yarak t\u00fcm d\u00fcnyan\u0131n yak\u0131ndan ilgilendi\u011fi ve \u00fclke ekonomilerini temelden etkileyen petrol\u00fcn hukuksal zeminini de \u00f6\u011frenme f\u0131rsat\u0131 yakalayacaks\u0131n\u0131z.<\/p>\n<p>[\/vc_column_text][\/vc_column][\/vc_row]<\/p>\n","protected":false},"excerpt":{"rendered":"<p>[vc_row][vc_column][vc_custom_heading text=&#8221;Petrol Piyasas\u0131 Hakk\u0131nda&#8221; google_fonts=&#8221;font_family:Vollkorn%3Aregular%2Citalic%2C700%2C700italic|font_style:700%20bold%20regular%3A700%3Anormal&#8221; css_animation=&#8221;fadeInLeft&#8221;][\/vc_column][\/vc_row][vc_row][vc_column width=&#8221;1\/2&#8243;][vc_single_image image=&#8221;6711&#8243; img_size=&#8221;large&#8221; el_class=&#8221;weew&#8221;][\/vc_column][vc_column width=&#8221;1\/2&#8243;][vc_column_text] Petrol Piyasas\u0131 E\u011fitimi, fosil yak\u0131tlar denildi\u011finde akla ilk gelen ham petrol\u00fcn arama ve \u00fcretim a\u015famas\u0131ndan ba\u015flayarak piyasa faaliyetlerini, petrol kanununu, da\u011f\u0131t\u0131m hizmetlerini detayl\u0131 olarak inceleyen bir program\u0131d\u0131r. Ek olarak, petrol\u00fcn toprak alt\u0131ndan \u00e7\u0131karken elde edilen do\u011falgaz ve s\u0131v\u0131la\u015ft\u0131r\u0131lm\u0131\u015f petrol gazlar\u0131n\u0131n piyasalar\u0131n\u0131n da ele al\u0131nd\u0131\u011f\u0131 [&hellip;]<\/p>\n","protected":false},"author":1,"featured_media":0,"parent":0,"menu_order":0,"comment_status":"closed","ping_status":"closed","template":"","meta":{"footnotes":""},"class_list":["post-6703","page","type-page","status-publish","hentry"],"_links":{"self":[{"href":"https:\/\/cla.com.tr\/index.php\/wp-json\/wp\/v2\/pages\/6703","targetHints":{"allow":["GET"]}}],"collection":[{"href":"https:\/\/cla.com.tr\/index.php\/wp-json\/wp\/v2\/pages"}],"about":[{"href":"https:\/\/cla.com.tr\/index.php\/wp-json\/wp\/v2\/types\/page"}],"author":[{"embeddable":true,"href":"https:\/\/cla.com.tr\/index.php\/wp-json\/wp\/v2\/users\/1"}],"replies":[{"embeddable":true,"href":"https:\/\/cla.com.tr\/index.php\/wp-json\/wp\/v2\/comments?post=6703"}],"version-history":[{"count":11,"href":"https:\/\/cla.com.tr\/index.php\/wp-json\/wp\/v2\/pages\/6703\/revisions"}],"predecessor-version":[{"id":6969,"href":"https:\/\/cla.com.tr\/index.php\/wp-json\/wp\/v2\/pages\/6703\/revisions\/6969"}],"wp:attachment":[{"href":"https:\/\/cla.com.tr\/index.php\/wp-json\/wp\/v2\/media?parent=6703"}],"curies":[{"name":"wp","href":"https:\/\/api.w.org\/{rel}","templated":true}]}}