{"id":6735,"date":"2023-06-07T11:36:20","date_gmt":"2023-06-07T08:36:20","guid":{"rendered":"https:\/\/beta.cla.com.tr\/?page_id=6735"},"modified":"2023-06-08T14:51:28","modified_gmt":"2023-06-08T11:51:28","slug":"ruzgar-enerjisi-hakkinda","status":"publish","type":"page","link":"https:\/\/cla.com.tr\/index.php\/ruzgar-enerjisi-hakkinda\/","title":{"rendered":"R\u00dcZGAR ENERJ\u0130S\u0130 HAKKINDA"},"content":{"rendered":"<p>[vc_row][vc_column][vc_custom_heading text=&#8221;R\u00dcZGAR ENERJ\u0130S\u0130 HAKKINDA&#8221; google_fonts=&#8221;font_family:Vollkorn%3Aregular%2Citalic%2C700%2C700italic|font_style:700%20bold%20regular%3A700%3Anormal&#8221; css_animation=&#8221;fadeInLeft&#8221;][\/vc_column][\/vc_row][vc_row][vc_column width=&#8221;1\/2&#8243;][vc_single_image image=&#8221;6739&#8243; img_size=&#8221;large&#8221; el_class=&#8221;weew&#8221;][\/vc_column][vc_column width=&#8221;1\/2&#8243;][vc_column_text]Bu e\u011fitimde r\u00fczgar enerjisi ve r\u00fczgar t\u00fcrbin teknolojileri konular\u0131nda kat\u0131l\u0131mc\u0131lara temel bilgiler sa\u011flamakt\u0131r[\/vc_column_text][\/vc_column][\/vc_row]<\/p>\n","protected":false},"excerpt":{"rendered":"<p>[vc_row][vc_column][vc_custom_heading text=&#8221;R\u00dcZGAR ENERJ\u0130S\u0130 HAKKINDA&#8221; google_fonts=&#8221;font_family:Vollkorn%3Aregular%2Citalic%2C700%2C700italic|font_style:700%20bold%20regular%3A700%3Anormal&#8221; css_animation=&#8221;fadeInLeft&#8221;][\/vc_column][\/vc_row][vc_row][vc_column width=&#8221;1\/2&#8243;][vc_single_image image=&#8221;6739&#8243; img_size=&#8221;large&#8221; el_class=&#8221;weew&#8221;][\/vc_column][vc_column width=&#8221;1\/2&#8243;][vc_column_text]Bu e\u011fitimde r\u00fczgar enerjisi ve r\u00fczgar t\u00fcrbin teknolojileri konular\u0131nda kat\u0131l\u0131mc\u0131lara temel bilgiler sa\u011flamakt\u0131r[\/vc_column_text][\/vc_column][\/vc_row]<\/p>\n","protected":false},"author":1,"featured_media":0,"parent":0,"menu_order":0,"comment_status":"closed","ping_status":"closed","template":"","meta":{"footnotes":""},"class_list":["post-6735","page","type-page","status-publish","hentry"],"_links":{"self":[{"href":"https:\/\/cla.com.tr\/index.php\/wp-json\/wp\/v2\/pages\/6735","targetHints":{"allow":["GET"]}}],"collection":[{"href":"https:\/\/cla.com.tr\/index.php\/wp-json\/wp\/v2\/pages"}],"about":[{"href":"https:\/\/cla.com.tr\/index.php\/wp-json\/wp\/v2\/types\/page"}],"author":[{"embeddable":true,"href":"https:\/\/cla.com.tr\/index.php\/wp-json\/wp\/v2\/users\/1"}],"replies":[{"embeddable":true,"href":"https:\/\/cla.com.tr\/index.php\/wp-json\/wp\/v2\/comments?post=6735"}],"version-history":[{"count":5,"href":"https:\/\/cla.com.tr\/index.php\/wp-json\/wp\/v2\/pages\/6735\/revisions"}],"predecessor-version":[{"id":6889,"href":"https:\/\/cla.com.tr\/index.php\/wp-json\/wp\/v2\/pages\/6735\/revisions\/6889"}],"wp:attachment":[{"href":"https:\/\/cla.com.tr\/index.php\/wp-json\/wp\/v2\/media?parent=6735"}],"curies":[{"name":"wp","href":"https:\/\/api.w.org\/{rel}","templated":true}]}}