{"id":6742,"date":"2023-06-07T11:46:37","date_gmt":"2023-06-07T08:46:37","guid":{"rendered":"https:\/\/beta.cla.com.tr\/?page_id=6742"},"modified":"2023-06-08T14:50:37","modified_gmt":"2023-06-08T11:50:37","slug":"elektrik-depolama-hakkinda","status":"publish","type":"page","link":"https:\/\/cla.com.tr\/index.php\/elektrik-depolama-hakkinda\/","title":{"rendered":"ELEKTR\u0130K DEPOLAMA HAKKINDA"},"content":{"rendered":"<p>[vc_row][vc_column][vc_custom_heading text=&#8221;ELEKTR\u0130K DEPOLAMA HAKKINDA&#8221; google_fonts=&#8221;font_family:Vollkorn%3Aregular%2Citalic%2C700%2C700italic|font_style:700%20bold%20regular%3A700%3Anormal&#8221; css_animation=&#8221;fadeInLeft&#8221;][\/vc_column][\/vc_row][vc_row][vc_column width=&#8221;1\/2&#8243;][vc_single_image image=&#8221;6360&#8243; img_size=&#8221;large&#8221; el_class=&#8221;weew&#8221;][\/vc_column][vc_column width=&#8221;1\/2&#8243;][vc_column_text]<\/p>\n<p style=\"text-align: justify; font-size: 15px; font-weight: 400;\">Bir enerji formunun ba\u015fka bir enerji formunda veya ayn\u0131 formda daha sonra tekrar kullan\u0131lmak \u00fczere saklanmas\u0131na\u00a0enerji depolama\u00a0denir.\u00a0G\u00fcn\u00fcm\u00fczde g\u00fc\u00e7 santrallerinde kullan\u0131lan depolama sistemleri genellikle, mekanik, termal ve elektro kimyasal sistemlerdir.<br \/>\nEnerji depolama sistemleri, enerji sistemlerinde performans, dayan\u0131kl\u0131l\u0131k, enerji verimlili\u011fi, \u00e7evre y\u00f6netimi ve ekonomiyi iyile\u015ftirir. Enerji depolama \u00f6zellikle\u00a0enerji talebi\u00a0ile\u00a0enerji arz\u0131\u00a0aras\u0131ndaki periyotlar\u0131n desteklenmesi i\u00e7in kullan\u0131\u015fl\u0131d\u0131r. Bu sebepten dolay\u0131 depolama sistemleri s\u0131kl\u0131kla kesikli enerji kaynaklar\u0131n\u0131 depolanmas\u0131 i\u00e7in en temel sistem bile\u015feni haline gelmi\u015ftir.\u00a0CLA Academy\u2019nin uzman e\u011fitmen kadrosu taraf\u0131ndan haz\u0131rlanan Elektrik Depolama e\u011fitim program\u0131n\u0131n da depolama alan\u0131nda g\u00fcncellenen mevzuatlar\u0131 hemde teknik k\u0131s\u0131mlar\u0131 \u00f6\u011frenebileceksiniz.<\/p>\n<p>[\/vc_column_text][vc_column_text][\/vc_column_text][\/vc_column][\/vc_row]<\/p>\n","protected":false},"excerpt":{"rendered":"<p>[vc_row][vc_column][vc_custom_heading text=&#8221;ELEKTR\u0130K DEPOLAMA HAKKINDA&#8221; google_fonts=&#8221;font_family:Vollkorn%3Aregular%2Citalic%2C700%2C700italic|font_style:700%20bold%20regular%3A700%3Anormal&#8221; css_animation=&#8221;fadeInLeft&#8221;][\/vc_column][\/vc_row][vc_row][vc_column width=&#8221;1\/2&#8243;][vc_single_image image=&#8221;6360&#8243; img_size=&#8221;large&#8221; el_class=&#8221;weew&#8221;][\/vc_column][vc_column width=&#8221;1\/2&#8243;][vc_column_text] Bir enerji formunun ba\u015fka bir enerji formunda veya ayn\u0131 formda daha sonra tekrar kullan\u0131lmak \u00fczere saklanmas\u0131na\u00a0enerji depolama\u00a0denir.\u00a0G\u00fcn\u00fcm\u00fczde g\u00fc\u00e7 santrallerinde kullan\u0131lan depolama sistemleri genellikle, mekanik, termal ve elektro kimyasal sistemlerdir. Enerji depolama sistemleri, enerji sistemlerinde performans, dayan\u0131kl\u0131l\u0131k, enerji verimlili\u011fi, \u00e7evre y\u00f6netimi ve ekonomiyi iyile\u015ftirir. Enerji [&hellip;]<\/p>\n","protected":false},"author":1,"featured_media":0,"parent":0,"menu_order":0,"comment_status":"closed","ping_status":"closed","template":"","meta":{"footnotes":""},"class_list":["post-6742","page","type-page","status-publish","hentry"],"_links":{"self":[{"href":"https:\/\/cla.com.tr\/index.php\/wp-json\/wp\/v2\/pages\/6742","targetHints":{"allow":["GET"]}}],"collection":[{"href":"https:\/\/cla.com.tr\/index.php\/wp-json\/wp\/v2\/pages"}],"about":[{"href":"https:\/\/cla.com.tr\/index.php\/wp-json\/wp\/v2\/types\/page"}],"author":[{"embeddable":true,"href":"https:\/\/cla.com.tr\/index.php\/wp-json\/wp\/v2\/users\/1"}],"replies":[{"embeddable":true,"href":"https:\/\/cla.com.tr\/index.php\/wp-json\/wp\/v2\/comments?post=6742"}],"version-history":[{"count":9,"href":"https:\/\/cla.com.tr\/index.php\/wp-json\/wp\/v2\/pages\/6742\/revisions"}],"predecessor-version":[{"id":6887,"href":"https:\/\/cla.com.tr\/index.php\/wp-json\/wp\/v2\/pages\/6742\/revisions\/6887"}],"wp:attachment":[{"href":"https:\/\/cla.com.tr\/index.php\/wp-json\/wp\/v2\/media?parent=6742"}],"curies":[{"name":"wp","href":"https:\/\/api.w.org\/{rel}","templated":true}]}}