{"id":6795,"date":"2023-06-07T15:13:30","date_gmt":"2023-06-07T12:13:30","guid":{"rendered":"https:\/\/beta.cla.com.tr\/?page_id=6795"},"modified":"2023-08-07T13:28:34","modified_gmt":"2023-08-07T10:28:34","slug":"ekonomi-hukuku-hakkinda","status":"publish","type":"page","link":"https:\/\/cla.com.tr\/index.php\/ekonomi-hukuku-hakkinda\/","title":{"rendered":"EKONOM\u0130 HUKUKU HAKKINDA"},"content":{"rendered":"<p>[vc_row][vc_column][vc_custom_heading text=&#8221;EKONOM\u0130 HUKUKU HAKKINDA&#8221; google_fonts=&#8221;font_family:Vollkorn%3Aregular%2Citalic%2C700%2C700italic|font_style:700%20bold%20regular%3A700%3Anormal&#8221; css_animation=&#8221;fadeInLeft&#8221;][\/vc_column][\/vc_row][vc_row][vc_column width=&#8221;1\/2&#8243;][vc_single_image image=&#8221;6862&#8243; img_size=&#8221;large&#8221; el_class=&#8221;weew&#8221;][\/vc_column][vc_column width=&#8221;1\/2&#8243;][vc_column_text]<\/p>\n<p style=\"text-align: justify;\">Her ikisi de temelde insan ili\u015fkisine dayanan Ekonomi ve Hukuk kavramlar\u0131 her ne kadar ayr\u0131 alanlar gibi g\u00f6r\u00fcnse de birbiriyle olduk\u00e7a ilintili ve birbirini besleyen alanlard\u0131r.<\/p>\n<p style=\"text-align: justify;\">\u00d6rne\u011fin hukuki alt yap\u0131s\u0131 sa\u011flam, hukuka olan g\u00fcvenin tam oldu\u011fu \u00fclkelerde ekonomik b\u00fcy\u00fcmenin de daha h\u0131zl\u0131 oldu\u011funu g\u00f6r\u00fcyoruz. Yine toplumsal refah\u0131n artmas\u0131 da hukuk ve ekonominin birbirini tamamlad\u0131\u011f\u0131 \u00fclkelerde m\u00fcmk\u00fcnd\u00fcr.<\/p>\n<p style=\"text-align: justify;\">Hukuka g\u00fcven, hukuki \u00f6ng\u00f6r\u00fclebilirlik yat\u0131r\u0131mlar\u0131n ve ekonomik b\u00fcy\u00fcmenin olmazsa olmaz\u0131d\u0131r.<\/p>\n<p style=\"text-align: justify;\">Teknolojinin geli\u015fmesi ve insan ihtiya\u00e7lar\u0131n\u0131n artmas\u0131 ile ekonomik kurumlarda da \u00e7e\u015fitlilik artm\u0131\u015f, ekonomi temelli insani ve hukuki ili\u015fkiler \u00e7o\u011falm\u0131\u015f \u00a0ve b\u00f6ylece ekonomiyi hukuk d\u00fczleminde anlama gayreti de ortaya \u00e7\u0131km\u0131\u015ft\u0131r. Bunun sonucu olarak ekonomi hukuku multidisipliner bir alan olarak son y\u0131llarda kar\u015f\u0131m\u0131za \u00e7\u0131kmaktad\u0131r.<\/p>\n<p style=\"text-align: justify;\">Global geli\u015fmeleri yakalama, d\u00fcnyaya ayak uydurma ve inovasyon hedefiyle hareket eden bir ekip olarak;\u00a0\u00a0 Ekonomi Hukuku E\u011fitim Program\u0131n\u0131n sizlere yepyeni bir vizyon kazand\u0131raca\u011f\u0131na eminiz.<\/p>\n<p>[\/vc_column_text][\/vc_column][\/vc_row]<\/p>\n","protected":false},"excerpt":{"rendered":"<p>[vc_row][vc_column][vc_custom_heading text=&#8221;EKONOM\u0130 HUKUKU HAKKINDA&#8221; google_fonts=&#8221;font_family:Vollkorn%3Aregular%2Citalic%2C700%2C700italic|font_style:700%20bold%20regular%3A700%3Anormal&#8221; css_animation=&#8221;fadeInLeft&#8221;][\/vc_column][\/vc_row][vc_row][vc_column width=&#8221;1\/2&#8243;][vc_single_image image=&#8221;6862&#8243; img_size=&#8221;large&#8221; el_class=&#8221;weew&#8221;][\/vc_column][vc_column width=&#8221;1\/2&#8243;][vc_column_text] Her ikisi de temelde insan ili\u015fkisine dayanan Ekonomi ve Hukuk kavramlar\u0131 her ne kadar ayr\u0131 alanlar gibi g\u00f6r\u00fcnse de birbiriyle olduk\u00e7a ilintili ve birbirini besleyen alanlard\u0131r. \u00d6rne\u011fin hukuki alt yap\u0131s\u0131 sa\u011flam, hukuka olan g\u00fcvenin tam oldu\u011fu \u00fclkelerde ekonomik b\u00fcy\u00fcmenin de daha h\u0131zl\u0131 oldu\u011funu g\u00f6r\u00fcyoruz. [&hellip;]<\/p>\n","protected":false},"author":1,"featured_media":0,"parent":0,"menu_order":0,"comment_status":"closed","ping_status":"closed","template":"","meta":{"footnotes":""},"class_list":["post-6795","page","type-page","status-publish","hentry"],"_links":{"self":[{"href":"https:\/\/cla.com.tr\/index.php\/wp-json\/wp\/v2\/pages\/6795","targetHints":{"allow":["GET"]}}],"collection":[{"href":"https:\/\/cla.com.tr\/index.php\/wp-json\/wp\/v2\/pages"}],"about":[{"href":"https:\/\/cla.com.tr\/index.php\/wp-json\/wp\/v2\/types\/page"}],"author":[{"embeddable":true,"href":"https:\/\/cla.com.tr\/index.php\/wp-json\/wp\/v2\/users\/1"}],"replies":[{"embeddable":true,"href":"https:\/\/cla.com.tr\/index.php\/wp-json\/wp\/v2\/comments?post=6795"}],"version-history":[{"count":10,"href":"https:\/\/cla.com.tr\/index.php\/wp-json\/wp\/v2\/pages\/6795\/revisions"}],"predecessor-version":[{"id":6976,"href":"https:\/\/cla.com.tr\/index.php\/wp-json\/wp\/v2\/pages\/6795\/revisions\/6976"}],"wp:attachment":[{"href":"https:\/\/cla.com.tr\/index.php\/wp-json\/wp\/v2\/media?parent=6795"}],"curies":[{"name":"wp","href":"https:\/\/api.w.org\/{rel}","templated":true}]}}