{"id":6799,"date":"2023-06-07T15:21:30","date_gmt":"2023-06-07T12:21:30","guid":{"rendered":"https:\/\/beta.cla.com.tr\/?page_id=6799"},"modified":"2023-06-07T16:42:35","modified_gmt":"2023-06-07T13:42:35","slug":"vergi-hukuku-hakkinda","status":"publish","type":"page","link":"https:\/\/cla.com.tr\/index.php\/vergi-hukuku-hakkinda\/","title":{"rendered":"VERG\u0130 HUKUKU E\u011e\u0130T\u0130M\u0130"},"content":{"rendered":"<p>[vc_row][vc_column][vc_custom_heading text=&#8221;VERG\u0130 HUKUKU E\u011e\u0130T\u0130M\u0130&#8221; google_fonts=&#8221;font_family:Vollkorn%3Aregular%2Citalic%2C700%2C700italic|font_style:700%20bold%20regular%3A700%3Anormal&#8221; css_animation=&#8221;fadeInLeft&#8221;][\/vc_column][\/vc_row][vc_row][vc_column width=&#8221;4\/6&#8243;][vc_single_image image=&#8221;6838&#8243; img_size=&#8221;large&#8221; el_class=&#8221;weew&#8221;][\/vc_column][vc_column width=&#8221;2\/6&#8243; el_class=&#8221;qq&#8221;][vc_column_text css=&#8221;.vc_custom_1682604218163{margin-top: 15px !important;}&#8221;]<\/p>\n<h5><strong><span class=\"date-title\">E\u011fitim Tarihi : <\/span><\/strong><span class=\"date-text\">27 Nisan 2023<\/span><br \/>\n<i class=\"las la-clock\"><\/i>13:00 &#8211; 16:00<\/h5>\n<p>[\/vc_column_text][vc_btn title=&#8221;KAYIT FORMU&#8221; style=&#8221;3d&#8221; color=&#8221;black&#8221; size=&#8221;lg&#8221; align=&#8221;center&#8221; i_icon_fontawesome=&#8221;fa fa-pen&#8221; button_block=&#8221;true&#8221; add_icon=&#8221;true&#8221; css=&#8221;.vc_custom_1682602760741{margin-top: 10px !important;}&#8221;][vc_separator color=&#8221;blue&#8221; style=&#8221;shadow&#8221; el_width=&#8221;80&#8243; css_animation=&#8221;fadeInLeft&#8221;][vc_column_text]<\/p>\n<h5 style=\"text-align: left;\"><strong><b>\u260e <\/b>\u00a0<a href=\"tel:0(312) 465 01 79\" target=\"_blank\" rel=\"noopener\">0(312) 465 01 79<\/a><\/strong><\/h5>\n<h5 style=\"text-align: left;\"><strong><img loading=\"lazy\" decoding=\"async\" class=\"\" src=\"https:\/\/cdnjs.cloudflare.com\/ajax\/libs\/twemoji\/14.0.0\/72x72\/1f4e9.png\" width=\"15\" height=\"15\" \/>\u00a0 E-posta : mail.com<\/strong><\/h5>\n<p>[\/vc_column_text][\/vc_column][\/vc_row][vc_row][vc_column][vc_tta_tabs][vc_tta_section title=&#8221;A\u00e7\u0131klama&#8221; tab_id=&#8221;1682599955335-66071abb-8681&#8243;][vc_column_text]<\/p>\n<h5 style=\"text-align: justify;\">Bilindi\u011fi \u00fczere enerji, teknolojinin hayat\u0131m\u0131za daha \u00e7ok dahil olmas\u0131yla \u00f6nemini g\u00fcn ge\u00e7tik\u00e7e art\u0131ran bir konu oldu\u011fu gibi \u00fclkelerin de en stratejik konular\u0131ndan birisidir.<br \/>\nBu geli\u015fimle beraber enerji arz ve talebi her g\u00fcn artmakta ve bu alanda mevzuatsal \u00e7al\u0131\u015fmalar h\u0131z kazanmaktad\u0131r. Dolay\u0131s\u0131yla enerji hukuku g\u00fcn ge\u00e7tik\u00e7e \u00f6nem kazanmaktad\u0131r.<br \/>\nEnerji Hukuku E\u011fitim Program\u0131, \u00a0lisans e\u011fitimini hukuk alan\u0131nda tamamlam\u0131\u015f hukuk\u00e7ular veya enerji \u015firketlerinde \u00e7al\u0131\u015fan\/\u00e7al\u0131\u015fmak isteyen ki\u015filer i\u00e7in tasarlanm\u0131\u015f bir programd\u0131r.<br \/>\nEnerji hukukunu genel olarak tan\u0131mlay\u0131p, enerji piyasas\u0131n\u0131n i\u015fleyi\u015fini anlayabilmek i\u00e7in ve bu alanda bir alt yap\u0131ya sahip olmak isteyen herkes i\u00e7in uygun bir e\u011fitimdir.<br \/>\n<span style=\"color: red;\">CLA ACADEMY<\/span>, alan\u0131nda uzman e\u011fitmenler ile sizi hedefledi\u011finiz alanda daha ileriye g\u00f6t\u00fcrecektir.<\/h5>\n<p>[\/vc_column_text][\/vc_tta_section][vc_tta_section title=&#8221;E\u011fitim i\u00e7eri\u011fi&#8221; tab_id=&#8221;1682599955335-6b941f23-3450&#8243;][vc_column_text]<strong>ENERJ\u0130 HUKUKU E\u011e\u0130T\u0130M PROGRAMI<\/strong><br \/>\nEnerji Hukukuna Giri\u015f<br \/>\nGenel olarak Enerji Hukuku<br \/>\nEnerji Hukuku ve Reg\u00fclasyon<br \/>\nEnerjinin S\u0131n\u0131fland\u0131r\u0131lmas\u0131<br \/>\nEnerji Hukuku Akt\u00f6rleri, D\u00fczenleyici Kurumlar ve EPDK<br \/>\nUlusal ve Uluslararas\u0131 Enerji \u00dcretim ve Talepleri<\/p>\n<p><strong>Elektrik Piyasas\u0131<\/strong><br \/>\nElektrik Piyasas\u0131 Teknik Kavramlar<br \/>\nElektrik Piyasas\u0131 Faaliyetleri<br \/>\nFaaliyetlerin Hukuki \u00c7er\u00e7evesi<br \/>\nElektrik Piyasas\u0131 Lisanslama S\u00fcre\u00e7leri<br \/>\nLisanss\u0131z \u00dcretim<br \/>\nYenilenebilir Enerji Kanunu ve YEKDEM Mekanizmas\u0131<br \/>\nHibrit Enerji<\/p>\n<p><strong>T\u00fcrkiye S\u0131v\u0131la\u015ft\u0131r\u0131lm\u0131\u015f Petrol Gazlar\u0131 (LPG) Piyasas\u0131<\/strong><br \/>\nLPG Piyasas\u0131na Giri\u015f<br \/>\nLPG Piyasas\u0131 Faaliyetleri<br \/>\nFaaliyetlerin Hukuki \u00c7er\u00e7evesi<br \/>\nLPG Piyasas\u0131 Lisanslama S\u00fcre\u00e7leri<br \/>\nLPG Piyasas\u0131 Akt\u00f6rleri<br \/>\nLPG Piyasas\u0131 S\u00f6zle\u015fmeleri<\/p>\n<p><strong>Petrol Piyasas\u0131<\/strong><br \/>\nPetrol Piyasas\u0131na Giri\u015f<br \/>\nPetrol Piyasas\u0131 Faaliyetleri<br \/>\nFaaliyetlerin Hukuki \u00c7er\u00e7evesi<br \/>\nPetrol Piyasas\u0131 Lisanslama S\u00fcre\u00e7leri<br \/>\nPetrol Piyasas\u0131 Akt\u00f6rleri<br \/>\nPetrol Piyasas\u0131 S\u00f6zle\u015fmeleri<\/p>\n<p><strong>Do\u011falgaz Piyasas\u0131<\/strong><br \/>\nDo\u011falgaz Piyasas\u0131na Giri\u015f<br \/>\nDo\u011falgaz Piyasas\u0131 Faaliyetleri<br \/>\nFaaliyetlerin Hukuki \u00c7er\u00e7evesi<br \/>\nDo\u011falgaz Piyasas\u0131 Lisanslama S\u00fcre\u00e7leri<br \/>\nDo\u011falgaz Piyasas\u0131 Akt\u00f6rleri<br \/>\nDo\u011falgaz Piyasas\u0131 S\u00f6zle\u015fmeleri<\/p>\n<p><strong>Enerji Piyasalar\u0131nda Ulusal ve Uluslararas\u0131 Uyu\u015fmazl\u0131k \u00c7\u00f6z\u00fcm Mekanizmalar\u0131 ve Yarg\u0131 Kararlar\u0131<\/strong><br \/>\nUluslararas\u0131 Enerji Yat\u0131r\u0131mlar\u0131ndan Kaynaklanan Uyu\u015fmazl\u0131klar<br \/>\nUluslararas\u0131 S\u00f6zle\u015fmeler<br \/>\nUluslararas\u0131 tahkim mekanizmalar\u0131<br \/>\nUygulanacak Hukuk ve Hakem Kararlar\u0131n\u0131n Ba\u011flay\u0131c\u0131l\u0131\u011f\u0131<br \/>\nT\u00fcrk Yarg\u0131 Kararlar\u0131n\u0131n incelenmesi<\/p>\n<p><strong>Enerji Piyasalar\u0131 ve Rekabet Hukuku<\/strong><br \/>\nRekabet Kanunu\u2019ndaki Temel H\u00fck\u00fcmler<br \/>\nElektrik Piyasas\u0131n\u0131n Rekabet Hukuku A\u00e7\u0131s\u0131ndan \u0130ncelenmesi<br \/>\nPetrol Piyasas\u0131n\u0131n Rekabet Hukuku A\u00e7\u0131s\u0131ndan \u0130ncelenmesi<br \/>\nDo\u011fal Gaz Piyasas\u0131n\u0131n Rekabet Hukuku A\u00e7\u0131s\u0131ndan \u0130ncelenmesi<br \/>\nS\u0131v\u0131la\u015ft\u0131r\u0131lm\u0131\u015f Petrol Gazlar\u0131 (LPG) Piyasas\u0131n\u0131n Rekabet Hukuku A\u00e7\u0131s\u0131ndan \u0130ncelenmesi<br \/>\nRekabet Sorunlar\u0131 ve Al\u0131nan \u00d6nlemler<br \/>\nRekabet Kurumu ve EPDK Aras\u0131 Yetki Sorunu<\/p>\n<p><strong>\u00c7evre Hukuku ve Enerji Verimlili\u011fi Mevzuat\u0131<\/strong><br \/>\n\u00c7evre Hukuku T\u00fcrk Hukuku Mevzuat\u0131<br \/>\nUluslararas\u0131 anla\u015fmalar<br \/>\n\u00c7evre \u0130hlalinde idari yat\u0131r\u0131mlar<br \/>\nEnerji \u00dcretiminin \u00c7evreye etkileri<br \/>\n\u00c7evresel Etki De\u011ferlendirme (\u00c7ED) Belgesi s\u00fcreci<br \/>\nYe\u015fil Mutabakat<br \/>\nEnerji Verimli\u011fi Mevzuat\u0131<br \/>\nEnerji Performans S\u00f6zle\u015fmeleri<\/p>\n<p><strong>Elektrik Piyasas\u0131 S\u00f6zle\u015fmeleri<\/strong><br \/>\nElektrik Piyasas\u0131 S\u00f6zle\u015fmelerine Genel Bak\u0131\u015f<br \/>\nElektrik Piyasas\u0131 S\u00f6zle\u015fmelerinin Hukuki Niteli\u011fi<br \/>\nElektrik Piyasas\u0131 S\u00f6zle\u015fmelerinin S\u0131n\u0131fland\u0131r\u0131lmas\u0131<br \/>\nToptan Sat\u0131\u015f Seviyesindeki S\u00f6zle\u015fmeler<br \/>\nEFET S\u00f6zle\u015fmesi<br \/>\nElektrik Tedarik S\u00f6zle\u015fmeleri ve Unsurlar\u0131<br \/>\nPerakende Sat\u0131\u015f s\u00f6zle\u015fmesi<br \/>\nSerbest Tedarik S\u00f6zle\u015fmeleri<br \/>\nProje Finansman\u0131 ve Anahtar Teslim \u0130n\u015faat (EPC) S\u00f6zle\u015fmeleri<br \/>\nUyu\u015fmazl\u0131k \u00d6rnekleri<br \/>\n<span style=\"color: red;\"><br \/>\n<strong>*CLA Academy program i\u00e7erik ve saatlerinde de\u011fi\u015fiklik yapabilir.<\/strong><\/span>[\/vc_column_text][\/vc_tta_section][vc_tta_section title=&#8221;E\u011e\u0130TMEN&#8221; tab_id=&#8221;1682599996999-d3602828-f6d8&#8243;][vc_row_inner][vc_column_inner width=&#8221;1\/4&#8243;][vc_single_image image=&#8221;5815&#8243;][\/vc_column_inner][vc_column_inner width=&#8221;3\/4&#8243;][vc_column_text]I am text block. Click edit button to change this text. Lorem ipsum dolor sit amet, consectetur adipiscing elit. Ut elit tellus, luctus nec ullamcorper mattis, pulvinar dapibus leo.[\/vc_column_text][\/vc_column_inner][\/vc_row_inner][\/vc_tta_section][vc_tta_section title=&#8221;Genel Bilgilendirme&#8221; tab_id=&#8221;1682599999239-127d0aa0-7604&#8243;][vc_column_text]<\/p>\n<h5 style=\"text-align: justify;\">E\u011fitim Program\u0131n\u00a0g\u00fcncel\u00a0tarihleri belli oldu\u011funda sayfam\u0131zda duyurusu yap\u0131lacakt\u0131r.<\/h5>\n<h5 style=\"text-align: justify;\">Bu e\u011fitime sekt\u00f6r hakk\u0131nda i\u015fleyi\u015fi anlayabilmek ve bu alanda bir alt yap\u0131ya sahip olmak isteyen herkes i\u00e7in uygundur.<\/h5>\n<h5 style=\"text-align: justify;\">24 saatlik\u00a0e\u011fitim program\u0131n\u0131n detaylar\u0131 e\u011fitim i\u00e7eri\u011finde yer almaktad\u0131r.<br \/>\nOnline\/interaktif Zoom\u00a0platformu \u00fczerinden yap\u0131lacak olan e\u011fitim i\u00e7in kat\u0131l\u0131mc\u0131lara e\u011fitimden bir g\u00fcn \u00f6nce ba\u011flant\u0131 linki g\u00f6nderilecektir.<\/h5>\n<h5 style=\"text-align: justify;\">Ayn\u0131 kurum i\u00e7erisinden toplu kat\u0131l\u0131mlarda \u00fccretlerde indirim uygulanmaktad\u0131r.<br \/>\nProgram bedeli, havale\/EFT ile veya kredi kart\u0131 ile \u00f6denebilmektedir.<br \/>\nOnline e\u011fitimlerde program bedeline PDF olarak e\u011fitim dok\u00fcmanlar\u0131 ve ger\u00e7ekle\u015ftirilen canl\u0131 e\u011fitime bir ayl\u0131k video olarak tekrar eri\u015fim dahildir<br \/>\nE\u011fitim sonunda kat\u0131l\u0131mc\u0131lara QR Kodlu Kat\u0131l\u0131m Sertifikas\u0131 adreslerine g\u00f6nderilecektir.<br \/>\nE\u011fitim \u00fccretini \u00f6\u011frenmek i\u00e7in l\u00fctfen bizlerle ileti\u015fime ge\u00e7iniz.<\/h5>\n<p>[\/vc_column_text][\/vc_tta_section][\/vc_tta_tabs][\/vc_column][\/vc_row]<\/p>\n","protected":false},"excerpt":{"rendered":"<p>[vc_row][vc_column][vc_custom_heading text=&#8221;VERG\u0130 HUKUKU E\u011e\u0130T\u0130M\u0130&#8221; google_fonts=&#8221;font_family:Vollkorn%3Aregular%2Citalic%2C700%2C700italic|font_style:700%20bold%20regular%3A700%3Anormal&#8221; css_animation=&#8221;fadeInLeft&#8221;][\/vc_column][\/vc_row][vc_row][vc_column width=&#8221;4\/6&#8243;][vc_single_image image=&#8221;6838&#8243; img_size=&#8221;large&#8221; el_class=&#8221;weew&#8221;][\/vc_column][vc_column width=&#8221;2\/6&#8243; el_class=&#8221;qq&#8221;][vc_column_text css=&#8221;.vc_custom_1682604218163{margin-top: 15px !important;}&#8221;] E\u011fitim Tarihi : 27 Nisan 2023 13:00 &#8211; 16:00 [\/vc_column_text][vc_btn title=&#8221;KAYIT FORMU&#8221; style=&#8221;3d&#8221; color=&#8221;black&#8221; size=&#8221;lg&#8221; align=&#8221;center&#8221; i_icon_fontawesome=&#8221;fa fa-pen&#8221; button_block=&#8221;true&#8221; add_icon=&#8221;true&#8221; css=&#8221;.vc_custom_1682602760741{margin-top: 10px !important;}&#8221;][vc_separator color=&#8221;blue&#8221; style=&#8221;shadow&#8221; el_width=&#8221;80&#8243; css_animation=&#8221;fadeInLeft&#8221;][vc_column_text] \u260e \u00a00(312) 465 01 79 \u00a0 E-posta : mail.com [\/vc_column_text][\/vc_column][\/vc_row][vc_row][vc_column][vc_tta_tabs][vc_tta_section title=&#8221;A\u00e7\u0131klama&#8221; tab_id=&#8221;1682599955335-66071abb-8681&#8243;][vc_column_text] Bilindi\u011fi [&hellip;]<\/p>\n","protected":false},"author":1,"featured_media":0,"parent":0,"menu_order":0,"comment_status":"closed","ping_status":"closed","template":"","meta":{"footnotes":""},"class_list":["post-6799","page","type-page","status-publish","hentry"],"_links":{"self":[{"href":"https:\/\/cla.com.tr\/index.php\/wp-json\/wp\/v2\/pages\/6799","targetHints":{"allow":["GET"]}}],"collection":[{"href":"https:\/\/cla.com.tr\/index.php\/wp-json\/wp\/v2\/pages"}],"about":[{"href":"https:\/\/cla.com.tr\/index.php\/wp-json\/wp\/v2\/types\/page"}],"author":[{"embeddable":true,"href":"https:\/\/cla.com.tr\/index.php\/wp-json\/wp\/v2\/users\/1"}],"replies":[{"embeddable":true,"href":"https:\/\/cla.com.tr\/index.php\/wp-json\/wp\/v2\/comments?post=6799"}],"version-history":[{"count":2,"href":"https:\/\/cla.com.tr\/index.php\/wp-json\/wp\/v2\/pages\/6799\/revisions"}],"predecessor-version":[{"id":6850,"href":"https:\/\/cla.com.tr\/index.php\/wp-json\/wp\/v2\/pages\/6799\/revisions\/6850"}],"wp:attachment":[{"href":"https:\/\/cla.com.tr\/index.php\/wp-json\/wp\/v2\/media?parent=6799"}],"curies":[{"name":"wp","href":"https:\/\/api.w.org\/{rel}","templated":true}]}}