{"id":6817,"date":"2023-06-07T15:43:26","date_gmt":"2023-06-07T12:43:26","guid":{"rendered":"https:\/\/beta.cla.com.tr\/?page_id=6817"},"modified":"2024-05-13T16:51:42","modified_gmt":"2024-05-13T13:51:42","slug":"rekabet-hukuku-hakkinda","status":"publish","type":"page","link":"https:\/\/cla.com.tr\/index.php\/rekabet-hukuku-hakkinda\/","title":{"rendered":"REKABET HUKUKU HAKKINDA"},"content":{"rendered":"<p>[vc_row][vc_column][vc_custom_heading text=&#8221;REKABET HUKUKU HAKKINDA&#8221; google_fonts=&#8221;font_family:Vollkorn%3Aregular%2Citalic%2C700%2C700italic|font_style:700%20bold%20regular%3A700%3Anormal&#8221; css_animation=&#8221;fadeInLeft&#8221;][\/vc_column][\/vc_row][vc_row][vc_column width=&#8221;1\/2&#8243;][vc_single_image image=&#8221;6866&#8243; img_size=&#8221;large&#8221; el_class=&#8221;weew&#8221;][\/vc_column][vc_column width=&#8221;1\/2&#8243;][vc_column_text]<\/p>\n<p style=\"text-align: justify;\">Rekabet Hukuku; mal ve hizmet piyasalar\u0131ndaki dengesizli\u011fin engelleme; dengeyi bozan veya k\u0131s\u0131tlayan anla\u015fma, karar ve uygulamalar\u0131n \u00f6n\u00fcne ge\u00e7me; piyasaya h\u00e2kim olan te\u015febb\u00fcslerin bunu k\u00f6t\u00fcye kullanmamalar\u0131n\u0131 \u00f6nlemeye, bunun i\u00e7in gerekli d\u00fczenleme ve denetlemeleri yapmak suretiyle haks\u0131z rekabeti engelleme amac\u0131 ta\u015f\u0131yan hukuk dal\u0131d\u0131r.<\/p>\n<p style=\"text-align: justify;\">S\u00f6zle\u015fme \u00f6zg\u00fcrl\u00fc\u011f\u00fc ve serbestisi ilkeleri \u00e7er\u00e7evesinde hukuka uygun gibi g\u00f6r\u00fcnen i\u015flem veya eylemler rekabet hukukuna ayk\u0131r\u0131l\u0131k te\u015fkil edebilmektedir.<\/p>\n<p style=\"text-align: justify;\">\u015eirketler iyi niyet \u00e7er\u00e7evesi i\u00e7erisinde yapm\u0131\u015f oldu\u011fu i\u015flemler nedeniyle, kurallara ayk\u0131r\u0131l\u0131k nedeniyle rekabet soru\u015fturmas\u0131na ve y\u00fcksek miktarda para cezas\u0131na maruz kalabilmektedirler.<\/p>\n<p style=\"text-align: justify;\">Bu sebeple rekabet\u00a0hukuku\u00a0kurallar\u0131n\u0131n ve yasaklanan faaliyetler konusunda rekabet hukuku alan\u0131nda \u00e7al\u0131\u015fan t\u00fcm \u015firket y\u00f6neticileri ve personellerinin bilgilendirilmesi gerekmekte olup, \u015firket \u00e7al\u0131\u015fanlar\u0131n\u0131n bu s\u00fcre\u00e7te gerekli donan\u0131ma sahip olmalar\u0131 \u00f6nem arz etmektedir.<\/p>\n<p style=\"text-align: justify;\">CLA Academy olarak d\u00fczenledi\u011fimiz Rekabet Hukuku E\u011fitimi; rekabet hukukunun temel alanlar\u0131n\u0131n, rekabet ihlaline ili\u015fkin i\u015flemlerin, ihlale sebep olunmamas\u0131 i\u00e7in dikkat edilmesi gerekli hususlar\u0131n ve yerine getirilmesi gerekli olan sorumluluklar\u0131n ele al\u0131nd\u0131\u011f\u0131, kat\u0131l\u0131mc\u0131lar\u0131n t\u00fcm bu hususlarda yeterli d\u00fczeye ula\u015fmalar\u0131n\u0131n ama\u00e7land\u0131\u011f\u0131 bir programd\u0131r.<\/p>\n<p>[\/vc_column_text][\/vc_column][\/vc_row]<\/p>\n","protected":false},"excerpt":{"rendered":"<p>[vc_row][vc_column][vc_custom_heading text=&#8221;REKABET HUKUKU HAKKINDA&#8221; google_fonts=&#8221;font_family:Vollkorn%3Aregular%2Citalic%2C700%2C700italic|font_style:700%20bold%20regular%3A700%3Anormal&#8221; css_animation=&#8221;fadeInLeft&#8221;][\/vc_column][\/vc_row][vc_row][vc_column width=&#8221;1\/2&#8243;][vc_single_image image=&#8221;6866&#8243; img_size=&#8221;large&#8221; el_class=&#8221;weew&#8221;][\/vc_column][vc_column width=&#8221;1\/2&#8243;][vc_column_text] Rekabet Hukuku; mal ve hizmet piyasalar\u0131ndaki dengesizli\u011fin engelleme; dengeyi bozan veya k\u0131s\u0131tlayan anla\u015fma, karar ve uygulamalar\u0131n \u00f6n\u00fcne ge\u00e7me; piyasaya h\u00e2kim olan te\u015febb\u00fcslerin bunu k\u00f6t\u00fcye kullanmamalar\u0131n\u0131 \u00f6nlemeye, bunun i\u00e7in gerekli d\u00fczenleme ve denetlemeleri yapmak suretiyle haks\u0131z rekabeti engelleme amac\u0131 ta\u015f\u0131yan hukuk dal\u0131d\u0131r. S\u00f6zle\u015fme \u00f6zg\u00fcrl\u00fc\u011f\u00fc ve [&hellip;]<\/p>\n","protected":false},"author":1,"featured_media":0,"parent":0,"menu_order":0,"comment_status":"closed","ping_status":"closed","template":"","meta":{"footnotes":""},"class_list":["post-6817","page","type-page","status-publish","hentry"],"_links":{"self":[{"href":"https:\/\/cla.com.tr\/index.php\/wp-json\/wp\/v2\/pages\/6817","targetHints":{"allow":["GET"]}}],"collection":[{"href":"https:\/\/cla.com.tr\/index.php\/wp-json\/wp\/v2\/pages"}],"about":[{"href":"https:\/\/cla.com.tr\/index.php\/wp-json\/wp\/v2\/types\/page"}],"author":[{"embeddable":true,"href":"https:\/\/cla.com.tr\/index.php\/wp-json\/wp\/v2\/users\/1"}],"replies":[{"embeddable":true,"href":"https:\/\/cla.com.tr\/index.php\/wp-json\/wp\/v2\/comments?post=6817"}],"version-history":[{"count":6,"href":"https:\/\/cla.com.tr\/index.php\/wp-json\/wp\/v2\/pages\/6817\/revisions"}],"predecessor-version":[{"id":8020,"href":"https:\/\/cla.com.tr\/index.php\/wp-json\/wp\/v2\/pages\/6817\/revisions\/8020"}],"wp:attachment":[{"href":"https:\/\/cla.com.tr\/index.php\/wp-json\/wp\/v2\/media?parent=6817"}],"curies":[{"name":"wp","href":"https:\/\/api.w.org\/{rel}","templated":true}]}}