{"id":6821,"date":"2023-06-07T15:46:54","date_gmt":"2023-06-07T12:46:54","guid":{"rendered":"https:\/\/beta.cla.com.tr\/?page_id=6821"},"modified":"2023-08-07T12:56:33","modified_gmt":"2023-08-07T09:56:33","slug":"kama-ihala-hukuku","status":"publish","type":"page","link":"https:\/\/cla.com.tr\/index.php\/kama-ihala-hukuku\/","title":{"rendered":"KAMA \u0130HALA HUKUKU HAKKINDA"},"content":{"rendered":"<p>[vc_row][vc_column][vc_custom_heading text=&#8221;KAMA \u0130HALA HUKUKU HAKKINDA&#8221; google_fonts=&#8221;font_family:Vollkorn%3Aregular%2Citalic%2C700%2C700italic|font_style:700%20bold%20regular%3A700%3Anormal&#8221; css_animation=&#8221;fadeInLeft&#8221;][\/vc_column][\/vc_row][vc_row][vc_column width=&#8221;1\/2&#8243;][vc_single_image image=&#8221;6832&#8243; img_size=&#8221;large&#8221; el_class=&#8221;weew&#8221;][\/vc_column][vc_column width=&#8221;1\/2&#8243;][vc_column_text]<\/p>\n<div id=\"gdlr-core-column-68724\" class=\"gdlr-core-pbf-column gdlr-core-column-30 gdlr-core-column-first\">\n<div class=\"gdlr-core-pbf-column-content-margin gdlr-core-js \">\n<div class=\"gdlr-core-pbf-column-content clearfix gdlr-core-js \">\n<div class=\"gdlr-core-pbf-element\">\n<div class=\"gdlr-core-text-box-item gdlr-core-item-pdlr gdlr-core-item-pdb gdlr-core-left-align\">\n<div class=\"gdlr-core-text-box-item-content\">\n<p style=\"text-align: justify;\">Kamu idareleri taraf\u0131ndan ihtiya\u00e7 duyulan mal, hizmet ve yap\u0131m i\u015fleri d\u00fczenlenen ihaleler yoluyla temin edilmektedir. Kamu idarelerinin s\u00f6z konusu ihtiya\u00e7lar\u0131n\u0131n temininde \u015firketler i\u00e7in kamu idareleri \u00f6nemli m\u00fc\u015fteri konumunda yer almaktad\u0131r.<\/p>\n<p style=\"text-align: justify;\">Kamu idarelerinin ihtiya\u00e7 duydu\u011fu mal\u0131n sat\u0131lmas\u0131 ve hizmetin sunulabilmesi amac\u0131yla yap\u0131lacak ihaleler d\u00fczenlemeler ile s\u0131k\u0131 ko\u015fullar ve kurallara ba\u011flanm\u0131\u015ft\u0131r. S\u00f6z konusu d\u00fczenlemelere h\u00e2kim olmak ihalelerde yap\u0131lacak hatalar\u0131 engelleyecek ve olas\u0131 maddi hasarlar\u0131 en aza indirgeyecektir.<\/p>\n<p style=\"text-align: justify;\">Bu kapsamda kamu ihalelerine kat\u0131lan \u015firketlerin, sat\u0131\u015f \/ ihale \u00e7al\u0131\u015fanlar\u0131n\u0131n kamu ihale hukuku konusunda gerekli donan\u0131mda olmalar\u0131 ve \u015firketlerin \u00e7al\u0131\u015fanlar\u0131na bu konuda gerekli e\u011fitimleri ald\u0131rmas\u0131 gerekmektedir. Ayr\u0131ca s\u00f6z konusu ihalelerde hata yap\u0131lmas\u0131 durumunda ihalelerin iptali ve kamu hizmetinin aksamas\u0131 s\u00f6z konusu olmaktad\u0131r. Bu nedenle kamu ihalesi ger\u00e7ekle\u015ftiren kamu kurumlar\u0131n\u0131n da ihale personellerine kamu ihale e\u011fitimi ald\u0131rmas\u0131 gerekmektedir.<\/p>\n<p style=\"text-align: justify;\">CLA Academy taraf\u0131ndan d\u00fczenlenen kamu ihale hukuku e\u011fitimi; ihalelere ili\u015fkin kavramlar\u0131n, yeterlilik \u015fartlar\u0131n\u0131n, ihalelere y\u00f6nelik idari ba\u015fvurular\u0131n ve yasal s\u00fcre\u00e7lerin anlat\u0131ld\u0131\u011f\u0131 geni\u015f kapsaml\u0131 bir programd\u0131r. Bu e\u011fitim neticesinde, kamu personellerinin en az hata ile ihale s\u00fcre\u00e7lerini tamamlamas\u0131 ve yine ayn\u0131 \u015fekilde \u015firketlerin ihale personellerinin minimum hata ile ihalelere teklif sunmas\u0131n\u0131 ve yasaya uygun ba\u015fvurular\u0131 ger\u00e7ekle\u015ftirmesi m\u00fcmk\u00fcn olacakt\u0131r.<\/p>\n<\/div>\n<\/div>\n<\/div>\n<\/div>\n<\/div>\n<\/div>\n<p>[\/vc_column_text][\/vc_column][\/vc_row]<\/p>\n","protected":false},"excerpt":{"rendered":"<p>[vc_row][vc_column][vc_custom_heading text=&#8221;KAMA \u0130HALA HUKUKU HAKKINDA&#8221; google_fonts=&#8221;font_family:Vollkorn%3Aregular%2Citalic%2C700%2C700italic|font_style:700%20bold%20regular%3A700%3Anormal&#8221; css_animation=&#8221;fadeInLeft&#8221;][\/vc_column][\/vc_row][vc_row][vc_column width=&#8221;1\/2&#8243;][vc_single_image image=&#8221;6832&#8243; img_size=&#8221;large&#8221; el_class=&#8221;weew&#8221;][\/vc_column][vc_column width=&#8221;1\/2&#8243;][vc_column_text] Kamu idareleri taraf\u0131ndan ihtiya\u00e7 duyulan mal, hizmet ve yap\u0131m i\u015fleri d\u00fczenlenen ihaleler yoluyla temin edilmektedir. Kamu idarelerinin s\u00f6z konusu ihtiya\u00e7lar\u0131n\u0131n temininde \u015firketler i\u00e7in kamu idareleri \u00f6nemli m\u00fc\u015fteri konumunda yer almaktad\u0131r. Kamu idarelerinin ihtiya\u00e7 duydu\u011fu mal\u0131n sat\u0131lmas\u0131 ve hizmetin sunulabilmesi amac\u0131yla yap\u0131lacak ihaleler d\u00fczenlemeler [&hellip;]<\/p>\n","protected":false},"author":1,"featured_media":0,"parent":0,"menu_order":0,"comment_status":"closed","ping_status":"closed","template":"","meta":{"footnotes":""},"class_list":["post-6821","page","type-page","status-publish","hentry"],"_links":{"self":[{"href":"https:\/\/cla.com.tr\/index.php\/wp-json\/wp\/v2\/pages\/6821","targetHints":{"allow":["GET"]}}],"collection":[{"href":"https:\/\/cla.com.tr\/index.php\/wp-json\/wp\/v2\/pages"}],"about":[{"href":"https:\/\/cla.com.tr\/index.php\/wp-json\/wp\/v2\/types\/page"}],"author":[{"embeddable":true,"href":"https:\/\/cla.com.tr\/index.php\/wp-json\/wp\/v2\/users\/1"}],"replies":[{"embeddable":true,"href":"https:\/\/cla.com.tr\/index.php\/wp-json\/wp\/v2\/comments?post=6821"}],"version-history":[{"count":5,"href":"https:\/\/cla.com.tr\/index.php\/wp-json\/wp\/v2\/pages\/6821\/revisions"}],"predecessor-version":[{"id":6970,"href":"https:\/\/cla.com.tr\/index.php\/wp-json\/wp\/v2\/pages\/6821\/revisions\/6970"}],"wp:attachment":[{"href":"https:\/\/cla.com.tr\/index.php\/wp-json\/wp\/v2\/media?parent=6821"}],"curies":[{"name":"wp","href":"https:\/\/api.w.org\/{rel}","templated":true}]}}