{"id":6825,"date":"2023-06-07T15:50:44","date_gmt":"2023-06-07T12:50:44","guid":{"rendered":"https:\/\/beta.cla.com.tr\/?page_id=6825"},"modified":"2023-06-08T15:01:31","modified_gmt":"2023-06-08T12:01:31","slug":"enerji-hukuku-egitim-programi-hakkinda","status":"publish","type":"page","link":"https:\/\/cla.com.tr\/index.php\/enerji-hukuku-egitim-programi-hakkinda\/","title":{"rendered":"ENERJ\u0130 HUKUKU E\u011e\u0130T\u0130M PROGRAMI HAKKINDA"},"content":{"rendered":"<p>[vc_row][vc_column][vc_custom_heading text=&#8221;ENERJ\u0130 HUKUKU E\u011e\u0130T\u0130M PROGRAMI HAKKINDA&#8221; google_fonts=&#8221;font_family:Vollkorn%3Aregular%2Citalic%2C700%2C700italic|font_style:700%20bold%20regular%3A700%3Anormal&#8221; css_animation=&#8221;fadeInLeft&#8221;][\/vc_column][\/vc_row][vc_row][vc_column width=&#8221;1\/2&#8243;][vc_single_image image=&#8221;6830&#8243; img_size=&#8221;large&#8221; el_class=&#8221;weew&#8221;][\/vc_column][vc_column width=&#8221;1\/2&#8243;][vc_column_text]<\/p>\n<p style=\"text-align: justify;\">Bilindi\u011fi \u00fczere enerji, teknolojinin hayat\u0131m\u0131za daha \u00e7ok dahil olmas\u0131yla \u00f6nemini g\u00fcn ge\u00e7tik\u00e7e art\u0131ran bir konu oldu\u011fu gibi \u00fclkelerin de en stratejik konular\u0131ndan birisidir.<\/p>\n<p style=\"text-align: justify;\">Bu geli\u015fimle beraber enerji arz ve talebi her g\u00fcn artmakta ve bu alanda mevzuatsal \u00e7al\u0131\u015fmalar h\u0131z kazanmaktad\u0131r. Dolay\u0131s\u0131yla enerji hukuku g\u00fcn ge\u00e7tik\u00e7e \u00f6nem kazanmaktad\u0131r.<\/p>\n<p style=\"text-align: justify;\">Enerji Hukuku E\u011fitim Program\u0131, \u00a0lisans e\u011fitimini hukuk alan\u0131nda tamamlam\u0131\u015f hukuk\u00e7ular ve\/veya enerji \u015firketlerinde \u00e7al\u0131\u015fan y\u00f6neticiler i\u00e7in tasarlanm\u0131\u015f bir programd\u0131r.<\/p>\n<p style=\"text-align: justify;\">Enerji hukukunu genel olarak tan\u0131mlay\u0131p, enerji piyasas\u0131n\u0131n i\u015fleyi\u015fini anlayabilmek i\u00e7in ve bu alanda bir alt yap\u0131ya sahip olmak isteyen herkes i\u00e7in uygun bir e\u011fitimdir.<\/p>\n<p style=\"text-align: justify;\">CLA ACADEMY, konusunda uzman e\u011fitmenler ile sizi hedefledi\u011finiz alanda daha ileri g\u00f6t\u00fcrecektir.<\/p>\n<p>[\/vc_column_text][\/vc_column][\/vc_row]<\/p>\n","protected":false},"excerpt":{"rendered":"<p>[vc_row][vc_column][vc_custom_heading text=&#8221;ENERJ\u0130 HUKUKU E\u011e\u0130T\u0130M PROGRAMI HAKKINDA&#8221; google_fonts=&#8221;font_family:Vollkorn%3Aregular%2Citalic%2C700%2C700italic|font_style:700%20bold%20regular%3A700%3Anormal&#8221; css_animation=&#8221;fadeInLeft&#8221;][\/vc_column][\/vc_row][vc_row][vc_column width=&#8221;1\/2&#8243;][vc_single_image image=&#8221;6830&#8243; img_size=&#8221;large&#8221; el_class=&#8221;weew&#8221;][\/vc_column][vc_column width=&#8221;1\/2&#8243;][vc_column_text] Bilindi\u011fi \u00fczere enerji, teknolojinin hayat\u0131m\u0131za daha \u00e7ok dahil olmas\u0131yla \u00f6nemini g\u00fcn ge\u00e7tik\u00e7e art\u0131ran bir konu oldu\u011fu gibi \u00fclkelerin de en stratejik konular\u0131ndan birisidir. Bu geli\u015fimle beraber enerji arz ve talebi her g\u00fcn artmakta ve bu alanda mevzuatsal \u00e7al\u0131\u015fmalar h\u0131z kazanmaktad\u0131r. Dolay\u0131s\u0131yla enerji [&hellip;]<\/p>\n","protected":false},"author":1,"featured_media":0,"parent":0,"menu_order":0,"comment_status":"closed","ping_status":"closed","template":"","meta":{"footnotes":""},"class_list":["post-6825","page","type-page","status-publish","hentry"],"_links":{"self":[{"href":"https:\/\/cla.com.tr\/index.php\/wp-json\/wp\/v2\/pages\/6825","targetHints":{"allow":["GET"]}}],"collection":[{"href":"https:\/\/cla.com.tr\/index.php\/wp-json\/wp\/v2\/pages"}],"about":[{"href":"https:\/\/cla.com.tr\/index.php\/wp-json\/wp\/v2\/types\/page"}],"author":[{"embeddable":true,"href":"https:\/\/cla.com.tr\/index.php\/wp-json\/wp\/v2\/users\/1"}],"replies":[{"embeddable":true,"href":"https:\/\/cla.com.tr\/index.php\/wp-json\/wp\/v2\/comments?post=6825"}],"version-history":[{"count":4,"href":"https:\/\/cla.com.tr\/index.php\/wp-json\/wp\/v2\/pages\/6825\/revisions"}],"predecessor-version":[{"id":6898,"href":"https:\/\/cla.com.tr\/index.php\/wp-json\/wp\/v2\/pages\/6825\/revisions\/6898"}],"wp:attachment":[{"href":"https:\/\/cla.com.tr\/index.php\/wp-json\/wp\/v2\/media?parent=6825"}],"curies":[{"name":"wp","href":"https:\/\/api.w.org\/{rel}","templated":true}]}}